{"id":2161,"date":"2023-03-29T15:33:21","date_gmt":"2023-03-29T15:33:21","guid":{"rendered":"https:\/\/evelindivers.com\/new\/elearning\/"},"modified":"2023-07-11T07:55:48","modified_gmt":"2023-07-11T07:55:48","slug":"elearning","status":"publish","type":"page","link":"https:\/\/evelindivers.com\/de\/elearning\/","title":{"rendered":"eLearning"},"content":{"rendered":"\n<h2 class=\"wp-block-heading\">Beginnen Sie noch heute Ihre PADI-Zertifizierung mit eLearning<\/h2>\n\n\n\n<p>Du kannst es kaum erwarten, loszulegen? Beginnen Sie JETZT Ihre PADI-Tauchausbildung online!<\/p>\n\n\n\n<p>Wenn Sie auf der Suche nach einer flexiblen M\u00f6glichkeit sind, einen Tauchkurs in Ihren Urlaub auf Kreta zu integrieren, seien Sie schlau und sparen Sie etwas Zeit, dann sind die Online-Tauchprogramme von PADI genau das Richtige f\u00fcr Sie. Sie k\u00f6nnen sofort mit dem Wissensaufbau des Kurses beginnen und mithilfe des PADI eLearning-Systems in Ihrem eigenen Tempo arbeiten. Mit dieser praktischen, interaktiven Lernoption k\u00f6nnen Sie jederzeit und \u00fcberall lernen, wo Sie \u00fcber eine Internetverbindung verf\u00fcgen.<br>Wenn Sie den Wissensaufbau online absolvieren, sind Sie bereit, sich mit Ihrem Tauchlehrer zu treffen und Spa\u00df im Wasser zu haben.<br>Mit PADI eLearning k\u00f6nnen Sie:<\/p>\n\n\n\n<ul class=\"wp-block-list\">\n<li>Lernen Sie durch Zuschauen, Zuh\u00f6ren, Lesen und Interagieren mit einem dynamischen Lehrprogramm.<\/li>\n\n\n\n<li>Greifen Sie ein Jahr lang auf das Material zu und erhalten Sie au\u00dferdem unbegrenzten Zugriff auf eine Online-Version des Kurshandbuchs.<\/li>\n\n\n\n<li>Kontaktieren Sie uns jederzeit, wenn Sie Fragen zu dem haben, was Sie lernen.<\/li>\n\n\n\n<li>Gehen Sie schnell ins Wasser und wenden Sie das Gelernte an, wenn Sie sich mit Ihrem PADI-Lehrer treffen.<\/li>\n<\/ul>\n\n\n\n<p>Sind Sie bereit, Ihren Tauchunterricht zu beginnen?<\/p>\n\n\n\n<p><strong><a href=\"https:\/\/evelindivers.com\/de\/book-now\/\" data-type=\"page\" data-id=\"1031\">Melden Sie sich noch heute f\u00fcr Ihren Open Water Diver an.<\/a><\/strong><\/p>\n\n\n\n<p>Sobald Sie hier auf Kreta ankommen, werden Sie Folgendes lernen:<\/p>\n\n\n\n<ul class=\"wp-block-list\">\n<li>die Grundkenntnisse und Fertigkeiten, die zum sicheren Tauchen erforderlich sind.<\/li>\n\n\n\n<li>Verwendung Ihrer Tauchausr\u00fcstung<\/li>\n\n\n\n<li>Tauchg\u00e4nge im begrenzten Wasser und im offenen Wasser \u2013 \u00fcberpr\u00fcfen Sie Ihre F\u00e4higkeiten im Meer und erkunden Sie es<\/li>\n<\/ul>\n\n\n\n<p><strong>Voraussetzungen:<\/strong> Grundkenntnisse im Schwimmen,<br><strong>Alter:<\/strong> 10+ Jahre (Kinder im Alter von 10\u201314 Jahren erhalten die PADI Junior Open Water-Zertifizierung)<br><strong>Dauer:<\/strong> 3-4 Tage<br>Lernmaterialien erforderlich<\/p>\n\n\n\n<figure class=\"wp-block-image size-full\"><img loading=\"lazy\" decoding=\"async\" width=\"768\" height=\"512\" src=\"https:\/\/evelindivers.com\/wp-content\/uploads\/2023\/04\/evelindivers-Learn-to-dive-padi-courses-396a1650.jpg\" alt=\"\" class=\"wp-image-1617\" srcset=\"https:\/\/evelindivers.com\/wp-content\/uploads\/2023\/04\/evelindivers-Learn-to-dive-padi-courses-396a1650.jpg 768w, https:\/\/evelindivers.com\/wp-content\/uploads\/2023\/04\/evelindivers-Learn-to-dive-padi-courses-396a1650-300x200.jpg 300w\" sizes=\"auto, (max-width: 768px) 100vw, 768px\" \/><\/figure>\n\n\n\n<p><\/p>\n","protected":false},"excerpt":{"rendered":"<p>Beginnen Sie noch heute Ihre PADI-Zertifizierung mit eLearning Du kannst es kaum erwarten, loszulegen? Beginnen Sie JETZT Ihre PADI-Tauchausbildung online! Wenn Sie auf der Suche nach einer flexiblen M\u00f6glichkeit sind, einen Tauchkurs in Ihren Urlaub auf Kreta zu integrieren, seien Sie schlau und sparen Sie etwas Zeit, dann sind die Online-Tauchprogramme von PADI genau das&#8230;<\/p>\n","protected":false},"author":1,"featured_media":1820,"parent":0,"menu_order":0,"comment_status":"closed","ping_status":"closed","template":"","meta":{"_kadence_starter_templates_imported_post":false,"_kad_post_transparent":"","_kad_post_title":"","_kad_post_layout":"","_kad_post_sidebar_id":"","_kad_post_content_style":"","_kad_post_vertical_padding":"","_kad_post_feature":"","_kad_post_feature_position":"","_kad_post_header":false,"_kad_post_footer":false,"_kad_post_classname":"","footnotes":""},"class_list":["post-2161","page","type-page","status-publish","has-post-thumbnail","hentry"],"_links":{"self":[{"href":"https:\/\/evelindivers.com\/de\/wp-json\/wp\/v2\/pages\/2161","targetHints":{"allow":["GET"]}}],"collection":[{"href":"https:\/\/evelindivers.com\/de\/wp-json\/wp\/v2\/pages"}],"about":[{"href":"https:\/\/evelindivers.com\/de\/wp-json\/wp\/v2\/types\/page"}],"author":[{"embeddable":true,"href":"https:\/\/evelindivers.com\/de\/wp-json\/wp\/v2\/users\/1"}],"replies":[{"embeddable":true,"href":"https:\/\/evelindivers.com\/de\/wp-json\/wp\/v2\/comments?post=2161"}],"version-history":[{"count":3,"href":"https:\/\/evelindivers.com\/de\/wp-json\/wp\/v2\/pages\/2161\/revisions"}],"predecessor-version":[{"id":2423,"href":"https:\/\/evelindivers.com\/de\/wp-json\/wp\/v2\/pages\/2161\/revisions\/2423"}],"wp:featuredmedia":[{"embeddable":true,"href":"https:\/\/evelindivers.com\/de\/wp-json\/wp\/v2\/media\/1820"}],"wp:attachment":[{"href":"https:\/\/evelindivers.com\/de\/wp-json\/wp\/v2\/media?parent=2161"}],"curies":[{"name":"wp","href":"https:\/\/api.w.org\/{rel}","templated":true}]}}