{"id":2164,"date":"2023-05-21T17:41:46","date_gmt":"2023-05-21T17:41:46","guid":{"rendered":"https:\/\/evelindivers.com\/new\/snorkeling\/"},"modified":"2026-04-21T14:00:08","modified_gmt":"2026-04-21T14:00:08","slug":"snorkeling","status":"publish","type":"page","link":"https:\/\/evelindivers.com\/de\/snorkeling\/","title":{"rendered":"SCHNORCHELN"},"content":{"rendered":"\n<p>Schnorcheln ist eine gro\u00dfartige M\u00f6glichkeit, Ihr Unterwasserabenteuer zu beginnen. Es ist Ihre Chance, eine neue und faszinierende Welt zu erkunden. F\u00fcr jedes Alter geeignet, bietet es sowohl Action als auch Entspannung \u2013 ganz nach Ihrem Geschmack.<\/p>\n\n\n<style>.kadence-column2164_dfe431-75 > .kt-inside-inner-col,.kadence-column2164_dfe431-75 > .kt-inside-inner-col:before{border-top-left-radius:0px;border-top-right-radius:0px;border-bottom-right-radius:0px;border-bottom-left-radius:0px;}.kadence-column2164_dfe431-75 > .kt-inside-inner-col{column-gap:var(--global-kb-gap-sm, 1rem);}.kadence-column2164_dfe431-75 > .kt-inside-inner-col{flex-direction:column;}.kadence-column2164_dfe431-75 > .kt-inside-inner-col > .aligncenter{width:100%;}.kadence-column2164_dfe431-75 > .kt-inside-inner-col:before{opacity:0.3;}.kadence-column2164_dfe431-75{position:relative;}@media all and (max-width: 1024px){.kadence-column2164_dfe431-75 > .kt-inside-inner-col{flex-direction:column;justify-content:center;}}@media all and (max-width: 767px){.kadence-column2164_dfe431-75 > .kt-inside-inner-col{flex-direction:column;justify-content:center;}}<\/style>\n<div class=\"wp-block-kadence-column kadence-column2164_dfe431-75\"><div class=\"kt-inside-inner-col\">\n<h2 class=\"wp-block-heading\">speed boat &#8211; SCHNORCHELtour <\/h2>\n\n\n<style>.kb-row-layout-id2164_78de8b-c4 > .kt-row-column-wrap{align-content:start;}:where(.kb-row-layout-id2164_78de8b-c4 > .kt-row-column-wrap) > .wp-block-kadence-column{justify-content:start;}.kb-row-layout-id2164_78de8b-c4 > .kt-row-column-wrap{column-gap:var(--global-kb-gap-md, 2rem);row-gap:var(--global-kb-gap-md, 2rem);padding-top:var(--global-kb-spacing-sm, 1.5rem);padding-bottom:var(--global-kb-spacing-sm, 1.5rem);grid-template-columns:minmax(0, 1fr) minmax(0, 2fr);}.kb-row-layout-id2164_78de8b-c4 > .kt-row-layout-overlay{opacity:0.30;}@media all and (max-width: 1024px){.kb-row-layout-id2164_78de8b-c4 > .kt-row-column-wrap{grid-template-columns:minmax(0, 1fr) minmax(0, 2fr);}}@media all and (max-width: 767px){.kb-row-layout-id2164_78de8b-c4 > .kt-row-column-wrap{grid-template-columns:minmax(0, 1fr);}}<\/style><div class=\"kb-row-layout-wrap kb-row-layout-id2164_78de8b-c4 alignnone wp-block-kadence-rowlayout\"><div class=\"kt-row-column-wrap kt-has-2-columns kt-row-layout-right-golden kt-tab-layout-inherit kt-mobile-layout-row kt-row-valign-top\">\n<style>.kadence-column2164_235ed2-a9 > .kt-inside-inner-col,.kadence-column2164_235ed2-a9 > .kt-inside-inner-col:before{border-top-left-radius:0px;border-top-right-radius:0px;border-bottom-right-radius:0px;border-bottom-left-radius:0px;}.kadence-column2164_235ed2-a9 > .kt-inside-inner-col{column-gap:var(--global-kb-gap-sm, 1rem);}.kadence-column2164_235ed2-a9 > .kt-inside-inner-col{flex-direction:column;}.kadence-column2164_235ed2-a9 > .kt-inside-inner-col > .aligncenter{width:100%;}.kadence-column2164_235ed2-a9 > .kt-inside-inner-col:before{opacity:0.3;}.kadence-column2164_235ed2-a9{position:relative;}@media all and (max-width: 1024px){.kadence-column2164_235ed2-a9 > .kt-inside-inner-col{flex-direction:column;justify-content:center;}}@media all and (max-width: 767px){.kadence-column2164_235ed2-a9 > .kt-inside-inner-col{flex-direction:column;justify-content:center;}}<\/style>\n<div class=\"wp-block-kadence-column kadence-column2164_235ed2-a9\"><div class=\"kt-inside-inner-col\">\n<figure class=\"wp-block-image size-full\"><img loading=\"lazy\" decoding=\"async\" width=\"2560\" height=\"1801\" src=\"https:\/\/evelindivers.com\/wp-content\/uploads\/2026\/04\/27906420_10156002312552432_1856298010_o-scaled.jpg\" alt=\"\" class=\"wp-image-2606\" srcset=\"https:\/\/evelindivers.com\/wp-content\/uploads\/2026\/04\/27906420_10156002312552432_1856298010_o-scaled.jpg 2560w, https:\/\/evelindivers.com\/wp-content\/uploads\/2026\/04\/27906420_10156002312552432_1856298010_o-300x211.jpg 300w, https:\/\/evelindivers.com\/wp-content\/uploads\/2026\/04\/27906420_10156002312552432_1856298010_o-1024x720.jpg 1024w, https:\/\/evelindivers.com\/wp-content\/uploads\/2026\/04\/27906420_10156002312552432_1856298010_o-768x540.jpg 768w, https:\/\/evelindivers.com\/wp-content\/uploads\/2026\/04\/27906420_10156002312552432_1856298010_o-1536x1081.jpg 1536w, https:\/\/evelindivers.com\/wp-content\/uploads\/2026\/04\/27906420_10156002312552432_1856298010_o-2048x1441.jpg 2048w\" sizes=\"auto, (max-width: 2560px) 100vw, 2560px\" \/><\/figure>\n\n\n<style>.kb-image2164_f05987-f1 .kb-image-has-overlay:after{opacity:0.3;}<\/style>\n<figure class=\"wp-block-kadence-image kb-image2164_f05987-f1 size-large\"><img loading=\"lazy\" decoding=\"async\" width=\"1024\" height=\"768\" src=\"https:\/\/evelindivers.com\/wp-content\/uploads\/2026\/04\/WhatsApp-Image-2026-04-21-at-16.44.22-1024x768.jpeg\" alt=\"\" class=\"kb-img wp-image-2618\" srcset=\"https:\/\/evelindivers.com\/wp-content\/uploads\/2026\/04\/WhatsApp-Image-2026-04-21-at-16.44.22-1024x768.jpeg 1024w, https:\/\/evelindivers.com\/wp-content\/uploads\/2026\/04\/WhatsApp-Image-2026-04-21-at-16.44.22-300x225.jpeg 300w, https:\/\/evelindivers.com\/wp-content\/uploads\/2026\/04\/WhatsApp-Image-2026-04-21-at-16.44.22-768x576.jpeg 768w, https:\/\/evelindivers.com\/wp-content\/uploads\/2026\/04\/WhatsApp-Image-2026-04-21-at-16.44.22-1536x1152.jpeg 1536w, https:\/\/evelindivers.com\/wp-content\/uploads\/2026\/04\/WhatsApp-Image-2026-04-21-at-16.44.22.jpeg 1600w\" sizes=\"auto, (max-width: 1024px) 100vw, 1024px\" \/><\/figure>\n<\/div><\/div>\n\n\n<style>.kadence-column2164_8a9a59-10 > .kt-inside-inner-col,.kadence-column2164_8a9a59-10 > .kt-inside-inner-col:before{border-top-left-radius:0px;border-top-right-radius:0px;border-bottom-right-radius:0px;border-bottom-left-radius:0px;}.kadence-column2164_8a9a59-10 > .kt-inside-inner-col{column-gap:var(--global-kb-gap-sm, 1rem);}.kadence-column2164_8a9a59-10 > .kt-inside-inner-col{flex-direction:column;}.kadence-column2164_8a9a59-10 > .kt-inside-inner-col > .aligncenter{width:100%;}.kadence-column2164_8a9a59-10 > .kt-inside-inner-col:before{opacity:0.3;}.kadence-column2164_8a9a59-10{position:relative;}@media all and (max-width: 1024px){.kadence-column2164_8a9a59-10 > .kt-inside-inner-col{flex-direction:column;justify-content:center;}}@media all and (max-width: 767px){.kadence-column2164_8a9a59-10 > .kt-inside-inner-col{flex-direction:column;justify-content:center;}}<\/style>\n<div class=\"wp-block-kadence-column kadence-column2164_8a9a59-10\"><div class=\"kt-inside-inner-col\">\n<p><strong>Entdecken<\/strong> Sie unber\u00fchrte <strong>Schnorchelpl\u00e4tze<\/strong>, die nur mit dem Boot erreichbar sind.<\/p>\n\n\n\n<p>Auf unseren Bootsfahrten entdecken Sie die wahre Sch\u00f6nheit der Unterwasserwelt, wo Sie die Landschaft genie\u00dfen k\u00f6nnen, w\u00e4hrend Sie im kristallklaren Wasser Kretas schwimmen.<\/p>\n\n\n\n<p>Unsere Schnorcheltour dauert ca. 3-4 Stunden. Wir fahren zu zwei verschiedenen Schnorchelpl\u00e4tzen. An jedem Platz k\u00f6nnen Sie 45-60 Minuten schnorcheln. Nach dem ersten Schnorchelplatz machen wir eine Pause, in der wir Ihnen Obst, Snacks und Wasser an Bord anbieten. Anschlie\u00dfend geht es zum zweiten Schnorchelplatz, wo Sie erneut 45-60 Minuten schnorcheln k\u00f6nnen.<\/p>\n\n\n\n<p>Der Preis betr\u00e4gt <strong>65 Euro <\/strong>f\u00fcr Erwachsene und <strong>50 Euro<\/strong> f\u00fcr Kinder unter 12 Jahren. Ausr\u00fcstung, Transfer, Wasser und Snacks an Bord sind inklusive.<\/p>\n\n\n\n<p><strong>Mindestalter:<\/strong>&nbsp;6 Jahre<br><strong>Voraussetzungen:<\/strong> Grundkenntnisse im Schwimmen<\/p>\n\n\n\n<p class=\"has-small-font-size\"><em>*Wetterbedingungen: Alle Touren und Kreuzfahrten unterliegen den Wetterbedingungen.<br>Abh\u00e4ngig von den t\u00e4glichen Wetterbedingungen w\u00e4hlen wir einen gesch\u00fctzten Ort f\u00fcr die besten Schnorchelbedingungen.<\/em><\/p>\n<\/div><\/div>\n\n<\/div><\/div><\/div><\/div>\n\n\n<style>.kadence-column2164_cc9c7a-19 > .kt-inside-inner-col,.kadence-column2164_cc9c7a-19 > .kt-inside-inner-col:before{border-top-left-radius:0px;border-top-right-radius:0px;border-bottom-right-radius:0px;border-bottom-left-radius:0px;}.kadence-column2164_cc9c7a-19 > .kt-inside-inner-col{column-gap:var(--global-kb-gap-sm, 1rem);}.kadence-column2164_cc9c7a-19 > .kt-inside-inner-col{flex-direction:column;}.kadence-column2164_cc9c7a-19 > .kt-inside-inner-col > .aligncenter{width:100%;}.kadence-column2164_cc9c7a-19 > .kt-inside-inner-col:before{opacity:0.3;}.kadence-column2164_cc9c7a-19{position:relative;}@media all and (max-width: 1024px){.kadence-column2164_cc9c7a-19 > .kt-inside-inner-col{flex-direction:column;justify-content:center;}}@media all and (max-width: 767px){.kadence-column2164_cc9c7a-19 > .kt-inside-inner-col{flex-direction:column;justify-content:center;}}<\/style>\n<div class=\"wp-block-kadence-column kadence-column2164_cc9c7a-19\"><div class=\"kt-inside-inner-col\">\n<h2 class=\"wp-block-heading\"><\/h2>\n<\/div><\/div>\n\n\n<style>.kb-row-layout-id2164_813ed6-26 > .kt-row-column-wrap{align-content:start;}:where(.kb-row-layout-id2164_813ed6-26 > .kt-row-column-wrap) > .wp-block-kadence-column{justify-content:start;}.kb-row-layout-id2164_813ed6-26 > .kt-row-column-wrap{column-gap:var(--global-kb-gap-md, 2rem);row-gap:var(--global-kb-gap-md, 2rem);padding-top:var(--global-kb-spacing-sm, 1.5rem);padding-bottom:var(--global-kb-spacing-sm, 1.5rem);grid-template-columns:minmax(0, 2fr) minmax(0, 1fr);}.kb-row-layout-id2164_813ed6-26 > .kt-row-layout-overlay{opacity:0.30;}@media all and (max-width: 1024px){.kb-row-layout-id2164_813ed6-26 > .kt-row-column-wrap{grid-template-columns:minmax(0, 2fr) minmax(0, 1fr);}}@media all and (max-width: 767px){.kb-row-layout-id2164_813ed6-26 > .kt-row-column-wrap{grid-template-columns:minmax(0, 1fr);}}<\/style><div class=\"kb-row-layout-wrap kb-row-layout-id2164_813ed6-26 alignnone wp-block-kadence-rowlayout\"><div class=\"kt-row-column-wrap kt-has-2-columns kt-row-layout-left-golden kt-tab-layout-inherit kt-mobile-layout-row kt-row-valign-top\">\n<style>.kadence-column2164_3803d4-49 > .kt-inside-inner-col,.kadence-column2164_3803d4-49 > .kt-inside-inner-col:before{border-top-left-radius:0px;border-top-right-radius:0px;border-bottom-right-radius:0px;border-bottom-left-radius:0px;}.kadence-column2164_3803d4-49 > .kt-inside-inner-col{column-gap:var(--global-kb-gap-sm, 1rem);}.kadence-column2164_3803d4-49 > .kt-inside-inner-col{flex-direction:column;}.kadence-column2164_3803d4-49 > .kt-inside-inner-col > .aligncenter{width:100%;}.kadence-column2164_3803d4-49 > .kt-inside-inner-col:before{opacity:0.3;}.kadence-column2164_3803d4-49{position:relative;}@media all and (max-width: 1024px){.kadence-column2164_3803d4-49 > .kt-inside-inner-col{flex-direction:column;justify-content:center;}}@media all and (max-width: 767px){.kadence-column2164_3803d4-49 > .kt-inside-inner-col{flex-direction:column;justify-content:center;}}<\/style>\n<div class=\"wp-block-kadence-column kadence-column2164_3803d4-49\"><div class=\"kt-inside-inner-col\">\n<p><\/p>\n\n\n\n<p><\/p>\n\n\n<style>.kb-image2164_c909e9-0b .kb-image-has-overlay:after{opacity:0.3;}<\/style>\n<figure class=\"wp-block-kadence-image kb-image2164_c909e9-0b size-large\"><img loading=\"lazy\" decoding=\"async\" width=\"1024\" height=\"768\" src=\"https:\/\/evelindivers.com\/wp-content\/uploads\/2023\/03\/WhatsApp-Image-2026-04-21-at-11.19.52-1-1024x768.jpeg\" alt=\"\" class=\"kb-img wp-image-2576\" srcset=\"https:\/\/evelindivers.com\/wp-content\/uploads\/2023\/03\/WhatsApp-Image-2026-04-21-at-11.19.52-1-1024x768.jpeg 1024w, https:\/\/evelindivers.com\/wp-content\/uploads\/2023\/03\/WhatsApp-Image-2026-04-21-at-11.19.52-1-300x225.jpeg 300w, https:\/\/evelindivers.com\/wp-content\/uploads\/2023\/03\/WhatsApp-Image-2026-04-21-at-11.19.52-1-768x576.jpeg 768w, https:\/\/evelindivers.com\/wp-content\/uploads\/2023\/03\/WhatsApp-Image-2026-04-21-at-11.19.52-1-1536x1152.jpeg 1536w, https:\/\/evelindivers.com\/wp-content\/uploads\/2023\/03\/WhatsApp-Image-2026-04-21-at-11.19.52-1.jpeg 1600w\" sizes=\"auto, (max-width: 1024px) 100vw, 1024px\" \/><\/figure>\n\n\n\n<p class=\"has-small-font-size\"><\/p>\n<\/div><\/div>\n\n\n<style>.kadence-column2164_e39ad9-78 > .kt-inside-inner-col,.kadence-column2164_e39ad9-78 > .kt-inside-inner-col:before{border-top-left-radius:0px;border-top-right-radius:0px;border-bottom-right-radius:0px;border-bottom-left-radius:0px;}.kadence-column2164_e39ad9-78 > .kt-inside-inner-col{column-gap:var(--global-kb-gap-sm, 1rem);}.kadence-column2164_e39ad9-78 > .kt-inside-inner-col{flex-direction:column;}.kadence-column2164_e39ad9-78 > .kt-inside-inner-col > .aligncenter{width:100%;}.kadence-column2164_e39ad9-78 > .kt-inside-inner-col:before{opacity:0.3;}.kadence-column2164_e39ad9-78{position:relative;}@media all and (max-width: 1024px){.kadence-column2164_e39ad9-78 > .kt-inside-inner-col{flex-direction:column;justify-content:center;}}@media all and (max-width: 767px){.kadence-column2164_e39ad9-78 > .kt-inside-inner-col{flex-direction:column;justify-content:center;}}<\/style>\n<div class=\"wp-block-kadence-column kadence-column2164_e39ad9-78\"><div class=\"kt-inside-inner-col\">\n<figure class=\"wp-block-image size-full\"><img loading=\"lazy\" decoding=\"async\" width=\"1600\" height=\"1066\" src=\"https:\/\/evelindivers.com\/wp-content\/uploads\/2026\/04\/WhatsApp-Image-2026-04-21-at-16.41.38.jpeg\" alt=\"\" class=\"wp-image-2613\" srcset=\"https:\/\/evelindivers.com\/wp-content\/uploads\/2026\/04\/WhatsApp-Image-2026-04-21-at-16.41.38.jpeg 1600w, https:\/\/evelindivers.com\/wp-content\/uploads\/2026\/04\/WhatsApp-Image-2026-04-21-at-16.41.38-300x200.jpeg 300w, https:\/\/evelindivers.com\/wp-content\/uploads\/2026\/04\/WhatsApp-Image-2026-04-21-at-16.41.38-1024x682.jpeg 1024w, https:\/\/evelindivers.com\/wp-content\/uploads\/2026\/04\/WhatsApp-Image-2026-04-21-at-16.41.38-768x512.jpeg 768w, https:\/\/evelindivers.com\/wp-content\/uploads\/2026\/04\/WhatsApp-Image-2026-04-21-at-16.41.38-1536x1023.jpeg 1536w\" sizes=\"auto, (max-width: 1600px) 100vw, 1600px\" \/><\/figure>\n\n\n<style>.kb-image2164_4ad464-ba .kb-image-has-overlay:after{opacity:0.3;}<\/style>\n<figure class=\"wp-block-kadence-image kb-image2164_4ad464-ba size-large\"><img loading=\"lazy\" decoding=\"async\" width=\"1024\" height=\"768\" src=\"https:\/\/evelindivers.com\/wp-content\/uploads\/2026\/04\/WhatsApp-Image-2026-04-21-at-16.39.25-1024x768.jpeg\" alt=\"\" class=\"kb-img wp-image-2610\" srcset=\"https:\/\/evelindivers.com\/wp-content\/uploads\/2026\/04\/WhatsApp-Image-2026-04-21-at-16.39.25-1024x768.jpeg 1024w, https:\/\/evelindivers.com\/wp-content\/uploads\/2026\/04\/WhatsApp-Image-2026-04-21-at-16.39.25-300x225.jpeg 300w, https:\/\/evelindivers.com\/wp-content\/uploads\/2026\/04\/WhatsApp-Image-2026-04-21-at-16.39.25-768x576.jpeg 768w, https:\/\/evelindivers.com\/wp-content\/uploads\/2026\/04\/WhatsApp-Image-2026-04-21-at-16.39.25-1536x1152.jpeg 1536w, https:\/\/evelindivers.com\/wp-content\/uploads\/2026\/04\/WhatsApp-Image-2026-04-21-at-16.39.25.jpeg 1600w\" sizes=\"auto, (max-width: 1024px) 100vw, 1024px\" \/><\/figure>\n<\/div><\/div>\n\n<\/div><\/div>","protected":false},"excerpt":{"rendered":"<p>Schnorcheln ist eine gro\u00dfartige M\u00f6glichkeit, Ihr Unterwasserabenteuer zu beginnen. Es ist Ihre Chance, eine neue und faszinierende Welt zu erkunden. F\u00fcr jedes Alter geeignet, bietet es sowohl Action als auch Entspannung \u2013 ganz nach Ihrem Geschmack. speed boat &#8211; SCHNORCHELtour Entdecken Sie unber\u00fchrte Schnorchelpl\u00e4tze, die nur mit dem Boot erreichbar sind. Auf unseren Bootsfahrten entdecken&#8230;<\/p>\n","protected":false},"author":1,"featured_media":0,"parent":0,"menu_order":0,"comment_status":"closed","ping_status":"closed","template":"","meta":{"_kadence_starter_templates_imported_post":false,"_kad_post_transparent":"","_kad_post_title":"","_kad_post_layout":"","_kad_post_sidebar_id":"","_kad_post_content_style":"","_kad_post_vertical_padding":"","_kad_post_feature":"","_kad_post_feature_position":"","_kad_post_header":false,"_kad_post_footer":false,"_kad_post_classname":"","footnotes":""},"class_list":["post-2164","page","type-page","status-publish","hentry"],"_links":{"self":[{"href":"https:\/\/evelindivers.com\/de\/wp-json\/wp\/v2\/pages\/2164","targetHints":{"allow":["GET"]}}],"collection":[{"href":"https:\/\/evelindivers.com\/de\/wp-json\/wp\/v2\/pages"}],"about":[{"href":"https:\/\/evelindivers.com\/de\/wp-json\/wp\/v2\/types\/page"}],"author":[{"embeddable":true,"href":"https:\/\/evelindivers.com\/de\/wp-json\/wp\/v2\/users\/1"}],"replies":[{"embeddable":true,"href":"https:\/\/evelindivers.com\/de\/wp-json\/wp\/v2\/comments?post=2164"}],"version-history":[{"count":9,"href":"https:\/\/evelindivers.com\/de\/wp-json\/wp\/v2\/pages\/2164\/revisions"}],"predecessor-version":[{"id":2626,"href":"https:\/\/evelindivers.com\/de\/wp-json\/wp\/v2\/pages\/2164\/revisions\/2626"}],"wp:attachment":[{"href":"https:\/\/evelindivers.com\/de\/wp-json\/wp\/v2\/media?parent=2164"}],"curies":[{"name":"wp","href":"https:\/\/api.w.org\/{rel}","templated":true}]}}