{"id":2223,"date":"2023-03-31T15:16:20","date_gmt":"2023-03-31T15:16:20","guid":{"rendered":"https:\/\/evelindivers.com\/new\/private-boat-tours\/"},"modified":"2023-07-05T18:25:49","modified_gmt":"2023-07-05T18:25:49","slug":"private-boat-tours","status":"publish","type":"page","link":"https:\/\/evelindivers.com\/de\/private-boat-tours\/","title":{"rendered":"PRIVATE BOOTSTOUREN"},"content":{"rendered":"\n<p>Buchen Sie Ihre private Bootstour und genie\u00dfen Sie Spa\u00df in der Sonne!!!<br>Vom Hafen von Georgioupolis aus k\u00f6nnen Sie an einer wunderbaren Bootsfahrt entlang der K\u00fcste teilnehmen.<br>Der erste Stopp der Tour ist nach 15 Minuten. Sie haben eine 45-min\u00fctige Pause, um ins erfrischende Meer zu springen.<br>Halbst\u00fcndige Pause, in der Sie ein paar Snacks genie\u00dfen k\u00f6nnen. Danach gibt es eine weitere Pause zum Schnorcheln f\u00fcr weitere 45 Minuten.<br>Anschlie\u00dfend machen wir uns auf den R\u00fcckweg zum Hafen von Georgioupolis.<\/p>\n\n\n\n<p><strong>Dauer<\/strong>: 3-4 Stunden<br><strong>Im Preis inbegriffen<\/strong>: Transfer, Schnorchelausr\u00fcstung, Snacks und Wasser<br><strong>Gruppengr\u00f6\u00dfe<\/strong>: max. 12 Personen.<\/p>\n\n\n\n<figure class=\"wp-block-gallery has-nested-images columns-default is-cropped wp-block-gallery-1 is-layout-flex wp-block-gallery-is-layout-flex\">\n<figure class=\"wp-block-image size-large\"><img loading=\"lazy\" decoding=\"async\" width=\"448\" height=\"336\" data-id=\"1294\" src=\"https:\/\/evelindivers.com\/wp-content\/uploads\/2023\/03\/merged.jpg\" alt=\"\" class=\"wp-image-1294\" srcset=\"https:\/\/evelindivers.com\/wp-content\/uploads\/2023\/03\/merged.jpg 448w, https:\/\/evelindivers.com\/wp-content\/uploads\/2023\/03\/merged-300x225.jpg 300w\" sizes=\"auto, (max-width: 448px) 100vw, 448px\" \/><\/figure>\n\n\n\n<figure class=\"wp-block-image size-large\"><img loading=\"lazy\" decoding=\"async\" width=\"791\" height=\"471\" data-id=\"1293\" src=\"https:\/\/evelindivers.com\/wp-content\/uploads\/2023\/03\/private-boat-tours-crete.jpg\" alt=\"\" class=\"wp-image-1293\" srcset=\"https:\/\/evelindivers.com\/wp-content\/uploads\/2023\/03\/private-boat-tours-crete.jpg 791w, https:\/\/evelindivers.com\/wp-content\/uploads\/2023\/03\/private-boat-tours-crete-300x179.jpg 300w, https:\/\/evelindivers.com\/wp-content\/uploads\/2023\/03\/private-boat-tours-crete-768x457.jpg 768w\" sizes=\"auto, (max-width: 791px) 100vw, 791px\" \/><\/figure>\n<\/figure>\n","protected":false},"excerpt":{"rendered":"<p>Buchen Sie Ihre private Bootstour und genie\u00dfen Sie Spa\u00df in der Sonne!!!Vom Hafen von Georgioupolis aus k\u00f6nnen Sie an einer wunderbaren Bootsfahrt entlang der K\u00fcste teilnehmen.Der erste Stopp der Tour ist nach 15 Minuten. Sie haben eine 45-min\u00fctige Pause, um ins erfrischende Meer zu springen.Halbst\u00fcndige Pause, in der Sie ein paar Snacks genie\u00dfen k\u00f6nnen. Danach&#8230;<\/p>\n","protected":false},"author":1,"featured_media":0,"parent":0,"menu_order":0,"comment_status":"closed","ping_status":"closed","template":"","meta":{"_kadence_starter_templates_imported_post":false,"_kad_post_transparent":"","_kad_post_title":"","_kad_post_layout":"","_kad_post_sidebar_id":"","_kad_post_content_style":"","_kad_post_vertical_padding":"","_kad_post_feature":"","_kad_post_feature_position":"","_kad_post_header":false,"_kad_post_footer":false,"_kad_post_classname":"","footnotes":""},"class_list":["post-2223","page","type-page","status-publish","hentry"],"_links":{"self":[{"href":"https:\/\/evelindivers.com\/de\/wp-json\/wp\/v2\/pages\/2223","targetHints":{"allow":["GET"]}}],"collection":[{"href":"https:\/\/evelindivers.com\/de\/wp-json\/wp\/v2\/pages"}],"about":[{"href":"https:\/\/evelindivers.com\/de\/wp-json\/wp\/v2\/types\/page"}],"author":[{"embeddable":true,"href":"https:\/\/evelindivers.com\/de\/wp-json\/wp\/v2\/users\/1"}],"replies":[{"embeddable":true,"href":"https:\/\/evelindivers.com\/de\/wp-json\/wp\/v2\/comments?post=2223"}],"version-history":[{"count":1,"href":"https:\/\/evelindivers.com\/de\/wp-json\/wp\/v2\/pages\/2223\/revisions"}],"predecessor-version":[{"id":2224,"href":"https:\/\/evelindivers.com\/de\/wp-json\/wp\/v2\/pages\/2223\/revisions\/2224"}],"wp:attachment":[{"href":"https:\/\/evelindivers.com\/de\/wp-json\/wp\/v2\/media?parent=2223"}],"curies":[{"name":"wp","href":"https:\/\/api.w.org\/{rel}","templated":true}]}}