{"id":2263,"date":"2023-03-29T12:04:50","date_gmt":"2023-03-29T12:04:50","guid":{"rendered":"https:\/\/evelindivers.com\/new\/the-dive-center\/"},"modified":"2023-07-05T19:30:46","modified_gmt":"2023-07-05T19:30:46","slug":"the-dive-center","status":"publish","type":"page","link":"https:\/\/evelindivers.com\/de\/the-dive-center\/","title":{"rendered":"Das Tauchzentrum"},"content":{"rendered":"\n<h2 class=\"wp-block-heading\">Unsere Tauchschule auf Kreta<\/h2>\n\n\n\n<p><strong>\u00dcBER UNS<\/strong><\/p>\n\n\n\n<p>Im Jahre 2012 in Platanes-Rethymnon gr\u00fcndeten wir unsere Tauchschule auf der Griechischen Trauminsel Kreta. Evelin Dive Center hat seine T\u00fcren ge\u00f6ffnet und begr\u00fc\u00dft seitdem Tausende von Besuchern, die unser wundersch\u00f6nes Land Griechenland J\u00e4hrlich besuchen.<\/p>\n\n\n\n<p>Mit dem Segen der griechischen G\u00f6tter, wahrer Gastfreundschaft, gro\u00dfartigem Essen, fantastischen Wetter- und magischen Str\u00e4nden freuen wir uns, jedes Jahr alte und neue Tauchfreunde begr\u00fc\u00dfen zu d\u00fcrfen. Griechenland besteht aus Tausenden von Inseln und Kreta ist die gr\u00f6\u00dfte von allen mit einer weitl\u00e4ufigen K\u00fcstenl\u00e4nge von 1066 Metern. Unterwasserabenteuer warten darauf, erkundet zu werden. Genie\u00dfen Sie das klare Blau dieser Gew\u00e4sser in einem &nbsp;elektrischen Schatten, der endlos erscheint wenn Sie direkt nach unten starren.<br><br>Unsere Sommersaison auf Kreta beginnt von Mitte April bis Ende Oktober.<br>Die Wassertemperatur des Mittelmeeres liegt im April bei etwa 17 Grad und steigt im Juli und August auf bis zu 28 Grad.<br>Unser multi-Kulti Team hei\u00dft Sie flie\u00dfend in Englisch, Deutsch, Franz\u00f6sisch und Griechisch willkommen.<\/p>\n\n\n\n<p><strong>UNSERE EINRICHTUNGEN<\/strong><\/p>\n\n\n\n<p>In unserer Tauchbasis in Platanes, Rethimno, treffen wir uns morgens, um Formulare und Ausr\u00fcstung vorzubereiten, wir fahren dann zur S\u00fcdseite von Rethymno, die ca. 45 Autominuten entfernt ist, dort tauchen wir entweder in Skinaria oder im alten Hafen von Damnoni.<\/p>\n\n\n\n<p>Unsere zweite Tauchschule auf Kreta liegt in dem kleinen sch\u00f6nen Fischerdorf Georgioupolis direkt vor dem Strand von Kalivaki. Hier treffen wir uns alle morgens, um eine Tasse Kaffee \/ Tee zu trinken, einige Formulare auszuf\u00fcllen und unsere Tauchausr\u00fcstung vorzubereiten, wenn wir mit unserem Speedboat von der Nordk\u00fcste der Insel aus tauchen.<\/p>\n\n\n\n<p>Georgioupolis liegt an der Grenze zwischen &nbsp;Rethymno im Osten und &nbsp;Chania im Westen, obwohl sie zu letzterer geh\u00f6rt. Die Gegend um Georgioupolis ist Apokoronas mit seinen malerischen D\u00f6rfern und seiner gr\u00fcnen Landschaft. Die St\u00e4dte Chania und Rethymno sind nicht weit entfernt. Georgioupolis liegt ca. 35 km \u00f6stlich von Chania und ca. 22 km westlich von Rethymno: eine sehr ruhige, aber zentrale Lage auf Kreta, ideal f\u00fcr Urlauber, die auch die Insel erkunden m\u00f6chten und gleich bei uns in der naehe sein wollen.<\/p>\n\n\n\n<p><strong>UNSERE TOP DIVE SITE f\u00fcr brevetierte Taucher<\/strong><\/p>\n\n\n\n<p>Unser Goldst\u00fcck und einzigartiger Tauchplatz ist die erstaunliche &#8222;Elefantenh\u00f6hle&#8220;. Seit dem start der Tauchschule, vor 8 fabelhaften Jahren, wurde dieser Tauchplatz von erfahrenen Tauchern aus der ganzen Welt als einer der 10 besten Tauchpl\u00e4tze der Welt ernannt. F\u00fcr unsere &#8222;Tauchs\u00fcchtigen&#8220; bieten wir ein mehrt\u00e4giges Tauchpaket an, mit dem unsere G\u00e4ste mehrmals mit einem besseren Angebot tauchen k\u00f6nnen, so bieten wir die M\u00f6glichkeit, mit uns so viel zu tauchen, wie Sie m\u00f6chten.<br>Wir teilen unsere Taucher immer nach ihrer Erfahrung \/ Level &amp; maximal 4 Tauchern pro Instrucor \/ DIvemaster auf.<br>Air pair Tank: 200 bar (Faber-Tanks mit einfachen und doppelten Aqualung-DIN-Ventilen mit einem Fassungsverm\u00f6gen von 6 l, 8 l, 10 l, 12 l und 15 l)<br>Die Tauchg\u00e4nge pro Tag f\u00fcr zertifizierte Taucher sind 2.<br>Die zertifizierten Taucher fahren nach dem Ausf\u00fcllen ihrer Formulare und Ausr\u00fcstung zum Hafen und fahren mit unserem Speedboat zu einem unserer Tauchpl\u00e4tze.<br>Nach dem ersten Tauchgang bieten wir Ihnen einen kleinen Snack (Sandwich oder Obst)an. Nach ca. einer Stunde Pause tauchen wir ein zweites Mal an einem anderen Tauchplatz. Sobald wir mit dem Tauchen fertig sind, kehren wir zur Tauchschule am Strand von Kalivaki zur\u00fcck, um uns etwas auszutauschen, unsere Tauchlogb\u00fccher zu f\u00fcllen und unter der kretischen Sonne zu entspannen.<br>\u00a0Sobald alle bereit sind, fahren wir Sie zur\u00fcck zu Ihrer Unterkunft.<\/p>\n\n\n\n<p><strong>F\u00dcR UNSERE ANF\u00c4NGER &amp; TAUCH KURSE<\/strong><\/p>\n\n\n\n<p>F\u00fcr unser Discover Scuba Diving und Padi-Anf\u00e4nger-Tauchkurse bleiben wir in der Bucht am Kalivaki-Strand, wo wir von sehr anf\u00e4ngerfreundlichen Bedingungen profitieren k\u00f6nnen. Hier beginnt der Spa\u00df f\u00fcr unsere \u201efrischen-unerfahrene\u201c Tauchfreunde.<br>Falls sich Ihr Hotel \/ Unterkunft in Rethymnon befindet, k\u00f6nnen Sie sich gerne an uns wenden, um unseren kostenlosen Transferservice zu nutzen. Wenn Sie flexibler sein m\u00f6chten, k\u00f6nnen Sie uns am Strand von Kalivaki treffen, nachdem Sie Kontakt mit uns aufgenommen haben, um Entt\u00e4uschungen zu vermeiden.<\/p>\n\n\n\n<p><strong>HILFREICHE TIPPS<\/strong><\/p>\n\n\n\n<p>Bitte beachten Sie, dass in der Vor- und Sp\u00e4t Saison 5 mm Neoprenanz\u00fcgen mit Weste und Hoodie empfohlen werden. Machen Sie sich keine Sorgen, falls Sie nicht vorhaben, mit Ihrer Tauchausr\u00fcstung zu reisen. Wir k\u00f6nnen alle ben\u00f6tigten Tauchausr\u00fcstungen bereitstellen, von Shorties \u00fcber Hoodies bis hin zu 5-mm-Neoprenanz\u00fcgen usw.<\/p>\n\n\n\n<p><strong>AUSR\u00dcSTUNG<\/strong><br><br>Unsere Tauchschule ist eines der wenigen Aqualung-Partnercenter in Griechenland. Die Ausr\u00fcstung ist ausschlie\u00dflich von Aqualung und seinen offiziellen Partnern von Top-Herstellern die f\u00fcr ihre Verarbeitungsqualit\u00e4t und Zuverl\u00e4ssigkeit bekannt sind.<\/p>\n\n\n\n<p>Im Team des Tauchcenters haben wir erfahrene Techniker, die von der Aqualung-Zentrale zertifiziert sind, um Service und Reparaturen an Ihren bevorzugten Aqualung-Ger\u00e4ten gem\u00e4\u00df den Standards des Herstellers durchzuf\u00fchren. Au\u00dferdem k\u00f6nnen Sie sicher sein, dass die von uns zur Verf\u00fcgung gestellte Ausr\u00fcstung ordnungsgem\u00e4\u00df gewartet wird und sich in einwandfreiem Zustand befindet.<\/p>\n\n\n\n<p>Die Lunge der Tauchbasis: 2 Typhoon Silent Kompressoren 15,18 m3 \/ h, hergestellt von Paramina gem\u00e4\u00df den EU-Standards.<br>Regler: Aqualung Calypso, alle mit alternativer Luftquelle ausgestattet.<br>Neoprenanz\u00fcge: Aqualung Safaga 5,5 mm, Cressi Taucher 5,5 mm &amp; Scubapro Oneflex 5,5 mm<br>BCD: Aqualung Wave<br>Faber-Tanks mit einfachen und doppelten Aqualung DIN-Ventilen mit Kapazit\u00e4ten von 6L, 8L, 10L, 12L und 15L.<br>Wenn Sie weitere Fragen haben oder eine Buchung vornehmen m\u00f6chten, wenden Sie sich bitte an uns!<\/p>\n","protected":false},"excerpt":{"rendered":"<p>Unsere Tauchschule auf Kreta \u00dcBER UNS Im Jahre 2012 in Platanes-Rethymnon gr\u00fcndeten wir unsere Tauchschule auf der Griechischen Trauminsel Kreta. Evelin Dive Center hat seine T\u00fcren ge\u00f6ffnet und begr\u00fc\u00dft seitdem Tausende von Besuchern, die unser wundersch\u00f6nes Land Griechenland J\u00e4hrlich besuchen. Mit dem Segen der griechischen G\u00f6tter, wahrer Gastfreundschaft, gro\u00dfartigem Essen, fantastischen Wetter- und magischen Str\u00e4nden&#8230;<\/p>\n","protected":false},"author":1,"featured_media":0,"parent":0,"menu_order":0,"comment_status":"closed","ping_status":"closed","template":"","meta":{"_kadence_starter_templates_imported_post":false,"_kad_post_transparent":"","_kad_post_title":"","_kad_post_layout":"","_kad_post_sidebar_id":"","_kad_post_content_style":"","_kad_post_vertical_padding":"","_kad_post_feature":"","_kad_post_feature_position":"","_kad_post_header":false,"_kad_post_footer":false,"_kad_post_classname":"","footnotes":""},"class_list":["post-2263","page","type-page","status-publish","hentry"],"_links":{"self":[{"href":"https:\/\/evelindivers.com\/de\/wp-json\/wp\/v2\/pages\/2263","targetHints":{"allow":["GET"]}}],"collection":[{"href":"https:\/\/evelindivers.com\/de\/wp-json\/wp\/v2\/pages"}],"about":[{"href":"https:\/\/evelindivers.com\/de\/wp-json\/wp\/v2\/types\/page"}],"author":[{"embeddable":true,"href":"https:\/\/evelindivers.com\/de\/wp-json\/wp\/v2\/users\/1"}],"replies":[{"embeddable":true,"href":"https:\/\/evelindivers.com\/de\/wp-json\/wp\/v2\/comments?post=2263"}],"version-history":[{"count":1,"href":"https:\/\/evelindivers.com\/de\/wp-json\/wp\/v2\/pages\/2263\/revisions"}],"predecessor-version":[{"id":2264,"href":"https:\/\/evelindivers.com\/de\/wp-json\/wp\/v2\/pages\/2263\/revisions\/2264"}],"wp:attachment":[{"href":"https:\/\/evelindivers.com\/de\/wp-json\/wp\/v2\/media?parent=2263"}],"curies":[{"name":"wp","href":"https:\/\/api.w.org\/{rel}","templated":true}]}}