{"id":2265,"date":"2023-03-29T12:09:00","date_gmt":"2023-03-29T12:09:00","guid":{"rendered":"https:\/\/evelindivers.com\/new\/find-your-dream-job\/"},"modified":"2023-07-05T19:31:58","modified_gmt":"2023-07-05T19:31:58","slug":"find-your-dream-job","status":"publish","type":"page","link":"https:\/\/evelindivers.com\/de\/find-your-dream-job\/","title":{"rendered":"SCUBA DIVING INTERNSHIPS"},"content":{"rendered":"\n<p>Wenn du dies jetzt liest, besteht die Chance, dass DU, wie wir alle hier beim Evelin Dive Center, das Tauchen LIEBST! Und diese Liebe zu deinem Leben machen willst. Verwirkliche deine Tr\u00e4ume und<strong>&nbsp;<a href=\"https:\/\/evelindivers.com\/%7B%7Blink_url::7%7D%7D\">kontaktiere uns<\/a><\/strong>, um die M\u00f6glichkeit zu bekommen, dich zumTauchprofi ausbilden zu lassen!<\/p>\n\n\n\n<p>Kombiniere Arbeit mit viel Spa\u00df! Verwandle deine Leidenschaft in eine Karriere und werde daf\u00fcr bezahlt, jeden Tag tauchen zu gehen.<\/p>\n\n\n\n<p><br>Hier findest du eine kurze \u00dcbersicht \u00fcber das von uns angebotene Programm.<\/p>\n\n\n\n<p>Unser Divemaster Internship Program richtet sich an Taucher, die eine Karriere in der Tauchbranche fortsetzen m\u00f6chten.<br>Wir suchen motivierte Menschen, die bereit sind zu helfen und ein Interesse und eine Leidenschaft f\u00fcr das Tauchen haben.<br>Das Programm qualifiziert dich am Ende der Ausbildung zum PADI Divemaster, dem ersten Schritt in die professionelle Tauchbranche.<br><br>Unser Programm beinhaltet: Als Gegenleistung deiner Hilfe f\u00fcr die Sommersaison (5 Monate) erhalten unsere Praktikanten ihre Tauchausbildung bis zum PADI Divemaster mit allen Lernmaterialien und dem Divemaster Crewpack.<br>Die Divemaster-Aufgaben umfassen alle Verfahren und die ordnungsgem\u00e4\u00dfe Arbeit in einem Tauchzentrum, Unterst\u00fctzung beim Tauchen mit Kursen und gef\u00fchrten Tauchg\u00e4ngen, Vorbereitung der Ausr\u00fcstung f\u00fcr Taucher, Auff\u00fcllen von Tanks usw.<\/p>\n\n\n\n<p>Im Verlauf der Ausbildung \u00fcbernehmen Praktikanten Aufgaben wie das guiding von Gruppen brevetierter Taucher und die Unterst\u00fctzung von Instructor bei Tauchkursen.<\/p>\n\n\n\n<p>Unsere Praktikanten erhalten bis zum Ende der Saison zus\u00e4tzlich viele Tauchg\u00e4nge, einen wertvollen Einblick in die Tauchbranche und Erfahrung im Umgang mit Kunden wie zertifizierten Tauchern, Kursteilnehmern und Anf\u00e4ngern.<\/p>\n\n\n\n<p>Wir stellen sicher, dass unsere Praktikanten, wenn sie unser Programm verlassen, voll qualifizierte und erfahrene Fachkr\u00e4fte sind, die bereit sind, \u00fcberall auf der Welt als professioneller Divemaster zu arbeiten.<\/p>\n\n\n\n<p>Selbstmotivation ist wichtig und der Schl\u00fcssel, um ein guter Tauchprofi zu werden. Wir werden dir den Weg zeigen, aber du musst die Disziplin haben und dich auf das Lernen konzentrieren.<\/p>\n\n\n\n<p>Wenn dein Ziel eine Karriere in der Freizeit-Tauchbranche ist, bringt dir dieses Praktikum alles bei, was du wissen musst und mehr.<\/p>\n\n\n\n<p>Wir k\u00fcmmern uns au\u00dferdem &nbsp;um die Unterkunft mit privatem Zimmer.<\/p>\n\n\n\n<p>Die Termine f\u00fcr das Praktikum sind von Mai bis September oder von Juni bis Oktober.<\/p>\n\n\n\n<p>Au\u00dferdem gibt es &nbsp;auch die M\u00f6glichkeit, Anfang November an unserem PADI Instructor Development Course teilzunehmen und euren Instructor auf Kreta zu absolvieren.<\/p>\n\n\n\n<p>Wenn du der Meinung bist, dass dies dein Ding ist, k\u00f6nnen wir ein Interview vereinbaren und uns \u00fcber alle Details unterhalten.<\/p>\n\n\n\n<p>Wir freuen uns, mit dir in\u00a0<a href=\"https:\/\/evelindivers.com\/de\/contact\/\"><strong>Kontakt<\/strong>\u00a0<\/a>zu treten!<\/p>\n","protected":false},"excerpt":{"rendered":"<p>Wenn du dies jetzt liest, besteht die Chance, dass DU, wie wir alle hier beim Evelin Dive Center, das Tauchen LIEBST! Und diese Liebe zu deinem Leben machen willst. Verwirkliche deine Tr\u00e4ume und&nbsp;kontaktiere uns, um die M\u00f6glichkeit zu bekommen, dich zumTauchprofi ausbilden zu lassen! Kombiniere Arbeit mit viel Spa\u00df! Verwandle deine Leidenschaft in eine Karriere&#8230;<\/p>\n","protected":false},"author":1,"featured_media":0,"parent":0,"menu_order":0,"comment_status":"closed","ping_status":"closed","template":"","meta":{"_kadence_starter_templates_imported_post":false,"_kad_post_transparent":"","_kad_post_title":"","_kad_post_layout":"","_kad_post_sidebar_id":"","_kad_post_content_style":"","_kad_post_vertical_padding":"","_kad_post_feature":"","_kad_post_feature_position":"","_kad_post_header":false,"_kad_post_footer":false,"_kad_post_classname":"","footnotes":""},"class_list":["post-2265","page","type-page","status-publish","hentry"],"_links":{"self":[{"href":"https:\/\/evelindivers.com\/de\/wp-json\/wp\/v2\/pages\/2265","targetHints":{"allow":["GET"]}}],"collection":[{"href":"https:\/\/evelindivers.com\/de\/wp-json\/wp\/v2\/pages"}],"about":[{"href":"https:\/\/evelindivers.com\/de\/wp-json\/wp\/v2\/types\/page"}],"author":[{"embeddable":true,"href":"https:\/\/evelindivers.com\/de\/wp-json\/wp\/v2\/users\/1"}],"replies":[{"embeddable":true,"href":"https:\/\/evelindivers.com\/de\/wp-json\/wp\/v2\/comments?post=2265"}],"version-history":[{"count":1,"href":"https:\/\/evelindivers.com\/de\/wp-json\/wp\/v2\/pages\/2265\/revisions"}],"predecessor-version":[{"id":2266,"href":"https:\/\/evelindivers.com\/de\/wp-json\/wp\/v2\/pages\/2265\/revisions\/2266"}],"wp:attachment":[{"href":"https:\/\/evelindivers.com\/de\/wp-json\/wp\/v2\/media?parent=2265"}],"curies":[{"name":"wp","href":"https:\/\/api.w.org\/{rel}","templated":true}]}}