{"id":2302,"date":"2023-04-15T13:40:52","date_gmt":"2023-04-15T13:40:52","guid":{"rendered":"https:\/\/evelindivers.com\/new\/diving\/"},"modified":"2023-07-10T10:38:47","modified_gmt":"2023-07-10T10:38:47","slug":"diving","status":"publish","type":"page","link":"https:\/\/evelindivers.com\/fr\/diving\/","title":{"rendered":"PLONG\u00c9E"},"content":{"rendered":"<style>.kb-row-layout-id_95d5b7-c1 > .kt-row-column-wrap{align-content:start;}:where(.kb-row-layout-id_95d5b7-c1 > .kt-row-column-wrap) > .wp-block-kadence-column{justify-content:start;}.kb-row-layout-id_95d5b7-c1 > .kt-row-column-wrap{column-gap:var(--global-kb-gap-md, 2rem);row-gap:var(--global-kb-gap-md, 2rem);max-width:var( --global-content-width, 1290px );padding-left:var(--global-content-edge-padding);padding-right:var(--global-content-edge-padding);padding-bottom:80px;grid-template-columns:minmax(0, 1fr);}.kb-row-layout-id_95d5b7-c1 > .kt-row-layout-overlay{opacity:0.30;background-color:var(--global-palette9, #ffffff);}@media all and (max-width: 1024px){.kb-row-layout-id_95d5b7-c1 > .kt-row-column-wrap{grid-template-columns:minmax(0, 1fr);}}@media all and (max-width: 767px){.kb-row-layout-id_95d5b7-c1 > .kt-row-column-wrap{grid-template-columns:minmax(0, 1fr);}}<\/style><div class=\"kb-row-layout-wrap kb-row-layout-id_95d5b7-c1 alignnone has-theme-palette9-background-color kt-row-has-bg wp-block-kadence-rowlayout\"><div class=\"kt-row-layout-overlay kt-row-overlay-normal\"><\/div><div class=\"kt-row-column-wrap kt-has-1-columns kt-row-layout-equal kt-tab-layout-inherit kt-mobile-layout-row kt-row-valign-top kb-theme-content-width\">\n<style>.kadence-column_4b0a9c-09 > .kt-inside-inner-col,.kadence-column_4b0a9c-09 > .kt-inside-inner-col:before{border-top-left-radius:0px;border-top-right-radius:0px;border-bottom-right-radius:0px;border-bottom-left-radius:0px;}.kadence-column_4b0a9c-09 > .kt-inside-inner-col{column-gap:var(--global-kb-gap-sm, 1rem);}.kadence-column_4b0a9c-09 > .kt-inside-inner-col{flex-direction:column;}.kadence-column_4b0a9c-09 > .kt-inside-inner-col > .aligncenter{width:100%;}.kadence-column_4b0a9c-09 > .kt-inside-inner-col:before{opacity:0.3;}.kadence-column_4b0a9c-09{position:relative;}@media all and (max-width: 1024px){.kadence-column_4b0a9c-09 > .kt-inside-inner-col{flex-direction:column;justify-content:center;}}@media all and (max-width: 767px){.kadence-column_4b0a9c-09 > .kt-inside-inner-col{flex-direction:column;justify-content:center;}}<\/style>\n<div class=\"wp-block-kadence-column kadence-column_4b0a9c-09 inner-column-1\"><div class=\"kt-inside-inner-col\"><style>.kb-row-layout-id_f17251-6e > .kt-row-column-wrap{align-content:start;}:where(.kb-row-layout-id_f17251-6e > .kt-row-column-wrap) > .wp-block-kadence-column{justify-content:start;}.kb-row-layout-id_f17251-6e > .kt-row-column-wrap{column-gap:var(--global-kb-gap-md, 2rem);row-gap:var(--global-kb-gap-md, 2rem);max-width:1080px;margin-left:auto;margin-right:auto;padding-top:var(--global-kb-spacing-sm, 1.5rem);padding-bottom:var(--global-kb-spacing-sm, 1.5rem);grid-template-columns:minmax(0, 1fr);}.kb-row-layout-id_f17251-6e > .kt-row-layout-overlay{opacity:0.30;}@media all and (max-width: 1024px){.kb-row-layout-id_f17251-6e > .kt-row-column-wrap{grid-template-columns:minmax(0, 1fr);}}@media all and (max-width: 767px){.kb-row-layout-id_f17251-6e > .kt-row-column-wrap{grid-template-columns:minmax(0, 1fr);}}<\/style><div class=\"kb-row-layout-wrap kb-row-layout-id_f17251-6e alignnone wp-block-kadence-rowlayout\"><div class=\"kt-row-column-wrap kt-has-1-columns kt-row-layout-equal kt-tab-layout-inherit kt-mobile-layout-row kt-row-valign-top\">\n<style>.kadence-column_2c509c-0e > .kt-inside-inner-col{padding-top:40px;padding-right:20px;padding-bottom:40px;padding-left:20px;}.kadence-column_2c509c-0e > .kt-inside-inner-col,.kadence-column_2c509c-0e > .kt-inside-inner-col:before{border-top-left-radius:0px;border-top-right-radius:0px;border-bottom-right-radius:0px;border-bottom-left-radius:0px;}.kadence-column_2c509c-0e > .kt-inside-inner-col{column-gap:var(--global-kb-gap-sm, 1rem);}.kadence-column_2c509c-0e > .kt-inside-inner-col{flex-direction:column;}.kadence-column_2c509c-0e > .kt-inside-inner-col > .aligncenter{width:100%;}.kadence-column_2c509c-0e > .kt-inside-inner-col{background-color:var(--global-palette9, #ffffff);}.kadence-column_2c509c-0e > .kt-inside-inner-col:before{opacity:0.3;}.kadence-column_2c509c-0e{position:relative;}@media all and (max-width: 1024px){.kadence-column_2c509c-0e > .kt-inside-inner-col{flex-direction:column;justify-content:center;}}@media all and (max-width: 767px){.kadence-column_2c509c-0e > .kt-inside-inner-col{padding-top:20px;padding-right:20px;padding-bottom:20px;padding-left:20px;flex-direction:column;justify-content:center;}.kadence-column_2c509c-0e, .kt-inside-inner-col > .kadence-column_2c509c-0e:not(.specificity){margin-top:0px;margin-right:0px;margin-bottom:0px;margin-left:0px;}}<\/style>\n<div class=\"wp-block-kadence-column kadence-column_2c509c-0e inner-column-1\"><div class=\"kt-inside-inner-col\"><style>.kb-posts-id-_e2e148-e6 .entry.loop-entry .entry-header .entry-title{font-size:var(--global-kb-font-size-md, 1.25rem);}.kb-posts-id-_e2e148-e6 .loop-entry{background:transparent;box-shadow:none;}.kb-posts-id-_e2e148-e6 .loop-entry > .entry-content-wrap{padding:0px;}.kb-posts-id-_e2e148-e6 .loop-entry .post-thumbnail{margin-bottom:1em;}.kb-posts-id-_e2e148-e6 .kb-post-list-item{display:grid;}<\/style><ul class=\"wp-block-kadence-posts kb-posts kadence-posts-list kb-posts-id-_e2e148-e6 content-wrap grid-cols kb-posts-style-unboxed grid-sm-col-2 grid-lg-col-3 item-image-style-above\"><li class=\"kb-post-list-item\">\n\t<article class=\"entry content-bg loop-entry post-2276 post type-post status-publish format-standard has-post-thumbnail hentry category-activities-fr category-diving-fr\">\n\t\t\t\t<a aria-hidden=\"true\" tabindex=\"-1\" role=\"presentation\" class=\"post-thumbnail kadence-thumbnail-ratio-2-3\" href=\"https:\/\/evelindivers.com\/fr\/activities-fr\/discover-scuba-diving-2\/\" aria-label=\"D\u00c9BUTANTS\">\n\t\t\t<div class=\"post-thumbnail-inner\">\n\t\t\t\t<img loading=\"lazy\" decoding=\"async\" width=\"768\" height=\"522\" src=\"https:\/\/evelindivers.com\/wp-content\/uploads\/2023\/03\/beginners-diving-georgioupolis-c20146e2.jpg\" class=\"attachment-medium_large size-medium_large wp-post-image\" alt=\"D\u00c9BUTANTS\" srcset=\"https:\/\/evelindivers.com\/wp-content\/uploads\/2023\/03\/beginners-diving-georgioupolis-c20146e2.jpg 768w, https:\/\/evelindivers.com\/wp-content\/uploads\/2023\/03\/beginners-diving-georgioupolis-c20146e2-300x204.jpg 300w\" sizes=\"auto, (max-width: 768px) 100vw, 768px\" \/>\t\t\t<\/div>\n\t\t<\/a><!-- .post-thumbnail -->\n\t\t\t\t<div class=\"entry-content-wrap\">\n\t\t\t<header class=\"entry-header\">\n\t\t<div class=\"entry-taxonomies\">\n\t\t<span class=\"category-links term-links category-style-normal\">\n\t\t\t<a href=\"https:\/\/evelindivers.com\/fr\/category\/activities-fr\/\" class=\"category-link-activities-fr\" rel=\"tag\">ACTIVITIES<\/a> | <a href=\"https:\/\/evelindivers.com\/fr\/category\/diving-fr\/\" class=\"category-link-diving-fr\" rel=\"tag\">DIVING<\/a>\t\t<\/span>\n\t<\/div><!-- .entry-taxonomies -->\n\t<h3 class=\"entry-title\"><a href=\"https:\/\/evelindivers.com\/fr\/activities-fr\/discover-scuba-diving-2\/\" rel=\"bookmark\">D\u00c9BUTANTS<\/a><\/h3><\/header><!-- .entry-header -->\n\t<div class=\"entry-summary\">\n\t\t<p>Ajoutez une exp\u00e9rience unique \u00e0 vos vacances en d\u00e9couvrant le monde sous-marin passionnant de la&#8230;<\/p>\n\t<\/div><!-- .entry-summary -->\n\t<footer class=\"entry-footer\">\n\t\t\t<div class=\"entry-actions\">\n\t\t\t<p class=\"more-link-wrap\">\n\t\t\t\t<a href=\"https:\/\/evelindivers.com\/fr\/activities-fr\/discover-scuba-diving-2\/\" class=\"post-more-link\">\n\t\t\t\t\tEn savoir plus<span class=\"screen-reader-text\"> D\u00c9BUTANTS<\/span><span class=\"kadence-svg-iconset svg-baseline\"><svg aria-hidden=\"true\" class=\"kadence-svg-icon kadence-arrow-right-alt-svg\" fill=\"currentColor\" version=\"1.1\" xmlns=\"http:\/\/www.w3.org\/2000\/svg\" width=\"27\" height=\"28\" viewBox=\"0 0 27 28\"><title>Continuer<\/title><path d=\"M27 13.953c0 0.141-0.063 0.281-0.156 0.375l-6 5.531c-0.156 0.141-0.359 0.172-0.547 0.094-0.172-0.078-0.297-0.25-0.297-0.453v-3.5h-19.5c-0.281 0-0.5-0.219-0.5-0.5v-3c0-0.281 0.219-0.5 0.5-0.5h19.5v-3.5c0-0.203 0.109-0.375 0.297-0.453s0.391-0.047 0.547 0.078l6 5.469c0.094 0.094 0.156 0.219 0.156 0.359v0z\"><\/path>\n\t\t\t<\/svg><\/span>\t\t\t\t<\/a>\n\t\t\t<\/p>\n\t\t<\/div><!-- .entry-actions -->\n\t\t<\/footer><!-- .entry-footer -->\t\t<\/div>\n\t<\/article>\n<\/li>\n<li class=\"kb-post-list-item\">\n\t<article class=\"entry content-bg loop-entry post-2278 post type-post status-publish format-standard has-post-thumbnail hentry category-activities-fr category-diving-fr\">\n\t\t\t\t<a aria-hidden=\"true\" tabindex=\"-1\" role=\"presentation\" class=\"post-thumbnail kadence-thumbnail-ratio-2-3\" href=\"https:\/\/evelindivers.com\/fr\/activities-fr\/certified-divers\/\" aria-label=\"PLONGEURS CERTIFI\u00c9S\">\n\t\t\t<div class=\"post-thumbnail-inner\">\n\t\t\t\t<img loading=\"lazy\" decoding=\"async\" width=\"768\" height=\"522\" src=\"https:\/\/evelindivers.com\/wp-content\/uploads\/2023\/03\/qualified-divers-evelin-divers-center-rethynmo-00007-1506b5f6.jpg\" class=\"attachment-medium_large size-medium_large wp-post-image\" alt=\"PLONGEURS CERTIFI\u00c9S\" srcset=\"https:\/\/evelindivers.com\/wp-content\/uploads\/2023\/03\/qualified-divers-evelin-divers-center-rethynmo-00007-1506b5f6.jpg 768w, https:\/\/evelindivers.com\/wp-content\/uploads\/2023\/03\/qualified-divers-evelin-divers-center-rethynmo-00007-1506b5f6-300x204.jpg 300w\" sizes=\"auto, (max-width: 768px) 100vw, 768px\" \/>\t\t\t<\/div>\n\t\t<\/a><!-- .post-thumbnail -->\n\t\t\t\t<div class=\"entry-content-wrap\">\n\t\t\t<header class=\"entry-header\">\n\t\t<div class=\"entry-taxonomies\">\n\t\t<span class=\"category-links term-links category-style-normal\">\n\t\t\t<a href=\"https:\/\/evelindivers.com\/fr\/category\/activities-fr\/\" class=\"category-link-activities-fr\" rel=\"tag\">ACTIVITIES<\/a> | <a href=\"https:\/\/evelindivers.com\/fr\/category\/diving-fr\/\" class=\"category-link-diving-fr\" rel=\"tag\">DIVING<\/a>\t\t<\/span>\n\t<\/div><!-- .entry-taxonomies -->\n\t<h3 class=\"entry-title\"><a href=\"https:\/\/evelindivers.com\/fr\/activities-fr\/certified-divers\/\" rel=\"bookmark\">PLONGEURS CERTIFI\u00c9S<\/a><\/h3><\/header><!-- .entry-header -->\n\t<div class=\"entry-summary\">\n\t\t<p>Notre intention est de fournir aux plongeurs certifi\u00e9s un voyage d&rsquo;aventure unique, une exp\u00e9rience passionnante&#8230;<\/p>\n\t<\/div><!-- .entry-summary -->\n\t<footer class=\"entry-footer\">\n\t\t\t<div class=\"entry-actions\">\n\t\t\t<p class=\"more-link-wrap\">\n\t\t\t\t<a href=\"https:\/\/evelindivers.com\/fr\/activities-fr\/certified-divers\/\" class=\"post-more-link\">\n\t\t\t\t\tEn savoir plus<span class=\"screen-reader-text\"> PLONGEURS CERTIFI\u00c9S<\/span><span class=\"kadence-svg-iconset svg-baseline\"><svg aria-hidden=\"true\" class=\"kadence-svg-icon kadence-arrow-right-alt-svg\" fill=\"currentColor\" version=\"1.1\" xmlns=\"http:\/\/www.w3.org\/2000\/svg\" width=\"27\" height=\"28\" viewBox=\"0 0 27 28\"><title>Continuer<\/title><path d=\"M27 13.953c0 0.141-0.063 0.281-0.156 0.375l-6 5.531c-0.156 0.141-0.359 0.172-0.547 0.094-0.172-0.078-0.297-0.25-0.297-0.453v-3.5h-19.5c-0.281 0-0.5-0.219-0.5-0.5v-3c0-0.281 0.219-0.5 0.5-0.5h19.5v-3.5c0-0.203 0.109-0.375 0.297-0.453s0.391-0.047 0.547 0.078l6 5.469c0.094 0.094 0.156 0.219 0.156 0.359v0z\"><\/path>\n\t\t\t<\/svg><\/span>\t\t\t\t<\/a>\n\t\t\t<\/p>\n\t\t<\/div><!-- .entry-actions -->\n\t\t<\/footer><!-- .entry-footer -->\t\t<\/div>\n\t<\/article>\n<\/li>\n<li class=\"kb-post-list-item\">\n\t<article class=\"entry content-bg loop-entry post-2280 post type-post status-publish format-standard has-post-thumbnail hentry category-activities-fr category-diving-fr category-diving-activities-fr\">\n\t\t\t\t<a aria-hidden=\"true\" tabindex=\"-1\" role=\"presentation\" class=\"post-thumbnail kadence-thumbnail-ratio-2-3\" href=\"https:\/\/evelindivers.com\/fr\/activities-fr\/padi-courses\/\" aria-label=\"COURS PADI\">\n\t\t\t<div class=\"post-thumbnail-inner\">\n\t\t\t\t<img loading=\"lazy\" decoding=\"async\" width=\"768\" height=\"522\" src=\"https:\/\/evelindivers.com\/wp-content\/uploads\/2023\/03\/evelindivers-Learn-to-dive-padi-courses-08c6e4a5.jpg\" class=\"attachment-medium_large size-medium_large wp-post-image\" alt=\"COURS PADI\" srcset=\"https:\/\/evelindivers.com\/wp-content\/uploads\/2023\/03\/evelindivers-Learn-to-dive-padi-courses-08c6e4a5.jpg 768w, https:\/\/evelindivers.com\/wp-content\/uploads\/2023\/03\/evelindivers-Learn-to-dive-padi-courses-08c6e4a5-300x204.jpg 300w\" sizes=\"auto, (max-width: 768px) 100vw, 768px\" \/>\t\t\t<\/div>\n\t\t<\/a><!-- .post-thumbnail -->\n\t\t\t\t<div class=\"entry-content-wrap\">\n\t\t\t<header class=\"entry-header\">\n\t\t<div class=\"entry-taxonomies\">\n\t\t<span class=\"category-links term-links category-style-normal\">\n\t\t\t<a href=\"https:\/\/evelindivers.com\/fr\/category\/activities-fr\/\" class=\"category-link-activities-fr\" rel=\"tag\">ACTIVITIES<\/a> | <a href=\"https:\/\/evelindivers.com\/fr\/category\/diving-fr\/\" class=\"category-link-diving-fr\" rel=\"tag\">DIVING<\/a> | <a href=\"https:\/\/evelindivers.com\/fr\/category\/diving-activities-fr\/\" class=\"category-link-diving-activities-fr\" rel=\"tag\">DIVING ACTIVITIES<\/a>\t\t<\/span>\n\t<\/div><!-- .entry-taxonomies -->\n\t<h3 class=\"entry-title\"><a href=\"https:\/\/evelindivers.com\/fr\/activities-fr\/padi-courses\/\" rel=\"bookmark\">COURS PADI<\/a><\/h3><\/header><!-- .entry-header -->\n\t<div class=\"entry-summary\">\n\t\t<p>COURS PADI De Basic Fun Diving \u00e0 PADI Certified Dive Master.Si vous avez toujours voulu&#8230;<\/p>\n\t<\/div><!-- .entry-summary -->\n\t<footer class=\"entry-footer\">\n\t\t\t<div class=\"entry-actions\">\n\t\t\t<p class=\"more-link-wrap\">\n\t\t\t\t<a href=\"https:\/\/evelindivers.com\/fr\/activities-fr\/padi-courses\/\" class=\"post-more-link\">\n\t\t\t\t\tEn savoir plus<span class=\"screen-reader-text\"> COURS PADI<\/span><span class=\"kadence-svg-iconset svg-baseline\"><svg aria-hidden=\"true\" class=\"kadence-svg-icon kadence-arrow-right-alt-svg\" fill=\"currentColor\" version=\"1.1\" xmlns=\"http:\/\/www.w3.org\/2000\/svg\" width=\"27\" height=\"28\" viewBox=\"0 0 27 28\"><title>Continuer<\/title><path d=\"M27 13.953c0 0.141-0.063 0.281-0.156 0.375l-6 5.531c-0.156 0.141-0.359 0.172-0.547 0.094-0.172-0.078-0.297-0.25-0.297-0.453v-3.5h-19.5c-0.281 0-0.5-0.219-0.5-0.5v-3c0-0.281 0.219-0.5 0.5-0.5h19.5v-3.5c0-0.203 0.109-0.375 0.297-0.453s0.391-0.047 0.547 0.078l6 5.469c0.094 0.094 0.156 0.219 0.156 0.359v0z\"><\/path>\n\t\t\t<\/svg><\/span>\t\t\t\t<\/a>\n\t\t\t<\/p>\n\t\t<\/div><!-- .entry-actions -->\n\t\t<\/footer><!-- .entry-footer -->\t\t<\/div>\n\t<\/article>\n<\/li>\n<\/ul><\/div><\/div>\n\n<\/div><\/div><\/div><\/div>\n\n<\/div><\/div>","protected":false},"excerpt":{"rendered":"","protected":false},"author":1,"featured_media":0,"parent":0,"menu_order":0,"comment_status":"closed","ping_status":"closed","template":"","meta":{"_kadence_starter_templates_imported_post":false,"_kad_post_transparent":"default","_kad_post_title":"default","_kad_post_layout":"default","_kad_post_sidebar_id":"","_kad_post_content_style":"default","_kad_post_vertical_padding":"default","_kad_post_feature":"hide","_kad_post_feature_position":"default","_kad_post_header":false,"_kad_post_footer":false,"_kad_post_classname":"","footnotes":""},"class_list":["post-2302","page","type-page","status-publish","hentry"],"_links":{"self":[{"href":"https:\/\/evelindivers.com\/fr\/wp-json\/wp\/v2\/pages\/2302","targetHints":{"allow":["GET"]}}],"collection":[{"href":"https:\/\/evelindivers.com\/fr\/wp-json\/wp\/v2\/pages"}],"about":[{"href":"https:\/\/evelindivers.com\/fr\/wp-json\/wp\/v2\/types\/page"}],"author":[{"embeddable":true,"href":"https:\/\/evelindivers.com\/fr\/wp-json\/wp\/v2\/users\/1"}],"replies":[{"embeddable":true,"href":"https:\/\/evelindivers.com\/fr\/wp-json\/wp\/v2\/comments?post=2302"}],"version-history":[{"count":1,"href":"https:\/\/evelindivers.com\/fr\/wp-json\/wp\/v2\/pages\/2302\/revisions"}],"predecessor-version":[{"id":2304,"href":"https:\/\/evelindivers.com\/fr\/wp-json\/wp\/v2\/pages\/2302\/revisions\/2304"}],"wp:attachment":[{"href":"https:\/\/evelindivers.com\/fr\/wp-json\/wp\/v2\/media?parent=2302"}],"curies":[{"name":"wp","href":"https:\/\/api.w.org\/{rel}","templated":true}]}}