{"id":2305,"date":"2023-05-21T17:41:46","date_gmt":"2023-05-21T17:41:46","guid":{"rendered":"https:\/\/evelindivers.com\/new\/snorkeling\/"},"modified":"2023-07-10T10:40:37","modified_gmt":"2023-07-10T10:40:37","slug":"snorkeling","status":"publish","type":"page","link":"https:\/\/evelindivers.com\/fr\/snorkeling\/","title":{"rendered":"PLONG\u00c9E EN APN\u00c9E"},"content":{"rendered":"\n<p>La plong\u00e9e en apn\u00e9e est un excellent moyen de commencer vos aventures sous-marines. C&rsquo;est votre chance de commencer \u00e0 explorer un monde nouveau et fascinant. Convient \u00e0 tous les \u00e2ges, offrant \u00e0 la fois action et d\u00e9tente &#8211; tout ce que vous recherchez.<\/p>\n\n\n<style>.kadence-column_3d790b-83 > .kt-inside-inner-col,.kadence-column_3d790b-83 > .kt-inside-inner-col:before{border-top-left-radius:0px;border-top-right-radius:0px;border-bottom-right-radius:0px;border-bottom-left-radius:0px;}.kadence-column_3d790b-83 > .kt-inside-inner-col{column-gap:var(--global-kb-gap-sm, 1rem);}.kadence-column_3d790b-83 > .kt-inside-inner-col{flex-direction:column;}.kadence-column_3d790b-83 > .kt-inside-inner-col > .aligncenter{width:100%;}.kadence-column_3d790b-83 > .kt-inside-inner-col:before{opacity:0.3;}.kadence-column_3d790b-83{position:relative;}@media all and (max-width: 1024px){.kadence-column_3d790b-83 > .kt-inside-inner-col{flex-direction:column;justify-content:center;}}@media all and (max-width: 767px){.kadence-column_3d790b-83 > .kt-inside-inner-col{flex-direction:column;justify-content:center;}}<\/style>\n<div class=\"wp-block-kadence-column kadence-column_3d790b-83\"><div class=\"kt-inside-inner-col\">\n<h2 class=\"wp-block-heading\">D\u00c9COUVRIR LE SNORKELING<\/h2>\n\n\n<style>.kb-row-layout-id_117e16-b3 > .kt-row-column-wrap{align-content:start;}:where(.kb-row-layout-id_117e16-b3 > .kt-row-column-wrap) > .wp-block-kadence-column{justify-content:start;}.kb-row-layout-id_117e16-b3 > .kt-row-column-wrap{column-gap:var(--global-kb-gap-md, 2rem);row-gap:var(--global-kb-gap-md, 2rem);padding-top:var(--global-kb-spacing-sm, 1.5rem);padding-bottom:var(--global-kb-spacing-sm, 1.5rem);grid-template-columns:minmax(0, 1fr) minmax(0, 2fr);}.kb-row-layout-id_117e16-b3 > .kt-row-layout-overlay{opacity:0.30;}@media all and (max-width: 1024px){.kb-row-layout-id_117e16-b3 > .kt-row-column-wrap{grid-template-columns:minmax(0, 1fr) minmax(0, 2fr);}}@media all and (max-width: 767px){.kb-row-layout-id_117e16-b3 > .kt-row-column-wrap{grid-template-columns:minmax(0, 1fr);}}<\/style><div class=\"kb-row-layout-wrap kb-row-layout-id_117e16-b3 alignnone wp-block-kadence-rowlayout\"><div class=\"kt-row-column-wrap kt-has-2-columns kt-row-layout-right-golden kt-tab-layout-inherit kt-mobile-layout-row kt-row-valign-top\">\n<style>.kadence-column_1796e9-be > .kt-inside-inner-col,.kadence-column_1796e9-be > .kt-inside-inner-col:before{border-top-left-radius:0px;border-top-right-radius:0px;border-bottom-right-radius:0px;border-bottom-left-radius:0px;}.kadence-column_1796e9-be > .kt-inside-inner-col{column-gap:var(--global-kb-gap-sm, 1rem);}.kadence-column_1796e9-be > .kt-inside-inner-col{flex-direction:column;}.kadence-column_1796e9-be > .kt-inside-inner-col > .aligncenter{width:100%;}.kadence-column_1796e9-be > .kt-inside-inner-col:before{opacity:0.3;}.kadence-column_1796e9-be{position:relative;}@media all and (max-width: 1024px){.kadence-column_1796e9-be > .kt-inside-inner-col{flex-direction:column;justify-content:center;}}@media all and (max-width: 767px){.kadence-column_1796e9-be > .kt-inside-inner-col{flex-direction:column;justify-content:center;}}<\/style>\n<div class=\"wp-block-kadence-column kadence-column_1796e9-be\"><div class=\"kt-inside-inner-col\">\n<figure class=\"wp-block-image size-full\"><img loading=\"lazy\" decoding=\"async\" width=\"250\" height=\"250\" src=\"https:\/\/evelindivers.com\/wp-content\/uploads\/2023\/03\/DISCOVER-SNORKELING.jpg\" alt=\"\" class=\"wp-image-1052\" srcset=\"https:\/\/evelindivers.com\/wp-content\/uploads\/2023\/03\/DISCOVER-SNORKELING.jpg 250w, https:\/\/evelindivers.com\/wp-content\/uploads\/2023\/03\/DISCOVER-SNORKELING-150x150.jpg 150w\" sizes=\"auto, (max-width: 250px) 100vw, 250px\" \/><\/figure>\n<\/div><\/div>\n\n\n<style>.kadence-column_14e31d-7e > .kt-inside-inner-col,.kadence-column_14e31d-7e > .kt-inside-inner-col:before{border-top-left-radius:0px;border-top-right-radius:0px;border-bottom-right-radius:0px;border-bottom-left-radius:0px;}.kadence-column_14e31d-7e > .kt-inside-inner-col{column-gap:var(--global-kb-gap-sm, 1rem);}.kadence-column_14e31d-7e > .kt-inside-inner-col{flex-direction:column;}.kadence-column_14e31d-7e > .kt-inside-inner-col > .aligncenter{width:100%;}.kadence-column_14e31d-7e > .kt-inside-inner-col:before{opacity:0.3;}.kadence-column_14e31d-7e{position:relative;}@media all and (max-width: 1024px){.kadence-column_14e31d-7e > .kt-inside-inner-col{flex-direction:column;justify-content:center;}}@media all and (max-width: 767px){.kadence-column_14e31d-7e > .kt-inside-inner-col{flex-direction:column;justify-content:center;}}<\/style>\n<div class=\"wp-block-kadence-column kadence-column_14e31d-7e\"><div class=\"kt-inside-inner-col\">\n<p>D\u00e9couvrez le monde sous-marin de Cr\u00e8te sans utiliser de mat\u00e9riel de plong\u00e9e. D\u00e9couvrez les d\u00e9lices sous-marins des fascinants poissons et plantes de notre \u00eele.<\/p>\n\n\n\n<p>Nous proposons un programme de plong\u00e9e en apn\u00e9e dans lequel vous apprenez \u00e0 utiliser correctement le tuba, le masque, les palmes et la combinaison, suivi d&rsquo;un voyage sur l&rsquo;un de nos sites de plong\u00e9e sous la supervision directe d&rsquo;un membre de notre \u00e9quipe professionnelle.<\/p>\n\n\n\n<p>Vous voudrez peut-\u00eatre pousser l&rsquo;exp\u00e9rience un peu plus loin et peut-\u00eatre d\u00e9couvrir les joies de la plong\u00e9e sous-marine.<\/p>\n\n\n\n<p><strong>\u00c2ge minimum\u00a0:<\/strong>\u00a06\u00a0ans<br><strong>Pr\u00e9requis\u00a0:<\/strong>\u00a0comp\u00e9tences de base en natation<\/p>\n\n\n\n<p class=\"has-small-font-size\"><em>*Conditions m\u00e9t\u00e9orologiques : Tous les circuits et croisi\u00e8res sont soumis aux conditions m\u00e9t\u00e9orologiques.<br>En fonction des conditions m\u00e9t\u00e9orologiques quotidiennes, nous choisirons un endroit abrit\u00e9 pour les meilleures conditions de plong\u00e9e en apn\u00e9e.<\/em><\/p>\n<\/div><\/div>\n\n<\/div><\/div><\/div><\/div>\n\n\n<style>.kadence-column_05fc05-52 > .kt-inside-inner-col,.kadence-column_05fc05-52 > .kt-inside-inner-col:before{border-top-left-radius:0px;border-top-right-radius:0px;border-bottom-right-radius:0px;border-bottom-left-radius:0px;}.kadence-column_05fc05-52 > .kt-inside-inner-col{column-gap:var(--global-kb-gap-sm, 1rem);}.kadence-column_05fc05-52 > .kt-inside-inner-col{flex-direction:column;}.kadence-column_05fc05-52 > .kt-inside-inner-col > .aligncenter{width:100%;}.kadence-column_05fc05-52 > .kt-inside-inner-col:before{opacity:0.3;}.kadence-column_05fc05-52{position:relative;}@media all and (max-width: 1024px){.kadence-column_05fc05-52 > .kt-inside-inner-col{flex-direction:column;justify-content:center;}}@media all and (max-width: 767px){.kadence-column_05fc05-52 > .kt-inside-inner-col{flex-direction:column;justify-content:center;}}<\/style>\n<div class=\"wp-block-kadence-column kadence-column_05fc05-52\"><div class=\"kt-inside-inner-col\">\n<h2 class=\"wp-block-heading\">SNORKELING EN BATEAU<\/h2>\n<\/div><\/div>\n\n\n<style>.kb-row-layout-id_745cc5-1a > .kt-row-column-wrap{align-content:start;}:where(.kb-row-layout-id_745cc5-1a > .kt-row-column-wrap) > .wp-block-kadence-column{justify-content:start;}.kb-row-layout-id_745cc5-1a > .kt-row-column-wrap{column-gap:var(--global-kb-gap-md, 2rem);row-gap:var(--global-kb-gap-md, 2rem);padding-top:var(--global-kb-spacing-sm, 1.5rem);padding-bottom:var(--global-kb-spacing-sm, 1.5rem);grid-template-columns:minmax(0, 2fr) minmax(0, 1fr);}.kb-row-layout-id_745cc5-1a > .kt-row-layout-overlay{opacity:0.30;}@media all and (max-width: 1024px){.kb-row-layout-id_745cc5-1a > .kt-row-column-wrap{grid-template-columns:minmax(0, 2fr) minmax(0, 1fr);}}@media all and (max-width: 767px){.kb-row-layout-id_745cc5-1a > .kt-row-column-wrap{grid-template-columns:minmax(0, 1fr);}}<\/style><div class=\"kb-row-layout-wrap kb-row-layout-id_745cc5-1a alignnone wp-block-kadence-rowlayout\"><div class=\"kt-row-column-wrap kt-has-2-columns kt-row-layout-left-golden kt-tab-layout-inherit kt-mobile-layout-row kt-row-valign-top\">\n<style>.kadence-column_2e2879-b1 > .kt-inside-inner-col,.kadence-column_2e2879-b1 > .kt-inside-inner-col:before{border-top-left-radius:0px;border-top-right-radius:0px;border-bottom-right-radius:0px;border-bottom-left-radius:0px;}.kadence-column_2e2879-b1 > .kt-inside-inner-col{column-gap:var(--global-kb-gap-sm, 1rem);}.kadence-column_2e2879-b1 > .kt-inside-inner-col{flex-direction:column;}.kadence-column_2e2879-b1 > .kt-inside-inner-col > .aligncenter{width:100%;}.kadence-column_2e2879-b1 > .kt-inside-inner-col:before{opacity:0.3;}.kadence-column_2e2879-b1{position:relative;}@media all and (max-width: 1024px){.kadence-column_2e2879-b1 > .kt-inside-inner-col{flex-direction:column;justify-content:center;}}@media all and (max-width: 767px){.kadence-column_2e2879-b1 > .kt-inside-inner-col{flex-direction:column;justify-content:center;}}<\/style>\n<div class=\"wp-block-kadence-column kadence-column_2e2879-b1\"><div class=\"kt-inside-inner-col\">\n<p>D\u00e9couvrez des sites de plong\u00e9e en apn\u00e9e intacts accessibles uniquement par bateau.<\/p>\n\n\n\n<p>Nos excursions en bateau sont con\u00e7ues pour vous faire d\u00e9couvrir la vraie beaut\u00e9 du monde sous-marin o\u00f9 vous pourrez profiter du paysage tout en nageant dans les eaux cristallines de la Cr\u00e8te.<\/p>\n\n\n\n<p>Nous d\u00e9buterons notre journ\u00e9e par un cours th\u00e9orique avec le moniteur expliquant les bases du snorkeling, les r\u00e8gles de s\u00e9curit\u00e9 et le mat\u00e9riel. Apr\u00e8s avoir termin\u00e9 le briefing, nous partirons avec notre hors-bord vers l&rsquo;un de nos sites de plong\u00e9e sous la supervision directe d&rsquo;un membre de notre \u00e9quipe professionnelle.<\/p>\n\n\n\n<p><strong>\u00c2ge minimum\u00a0:<\/strong>\u00a06\u00a0ans<br><strong>Pr\u00e9requis\u00a0:<\/strong>\u00a0comp\u00e9tences de base en natation<\/p>\n\n\n\n<p class=\"has-small-font-size\"><em>*Conditions m\u00e9t\u00e9orologiques : Tous les circuits et croisi\u00e8res sont soumis aux conditions m\u00e9t\u00e9orologiques. En fonction des conditions m\u00e9t\u00e9orologiques quotidiennes, nous choisirons un endroit abrit\u00e9 pour les meilleures conditions de plong\u00e9e.<\/em><\/p>\n<\/div><\/div>\n\n\n<style>.kadence-column_fa52c4-70 > .kt-inside-inner-col,.kadence-column_fa52c4-70 > .kt-inside-inner-col:before{border-top-left-radius:0px;border-top-right-radius:0px;border-bottom-right-radius:0px;border-bottom-left-radius:0px;}.kadence-column_fa52c4-70 > .kt-inside-inner-col{column-gap:var(--global-kb-gap-sm, 1rem);}.kadence-column_fa52c4-70 > .kt-inside-inner-col{flex-direction:column;}.kadence-column_fa52c4-70 > .kt-inside-inner-col > .aligncenter{width:100%;}.kadence-column_fa52c4-70 > .kt-inside-inner-col:before{opacity:0.3;}.kadence-column_fa52c4-70{position:relative;}@media all and (max-width: 1024px){.kadence-column_fa52c4-70 > .kt-inside-inner-col{flex-direction:column;justify-content:center;}}@media all and (max-width: 767px){.kadence-column_fa52c4-70 > .kt-inside-inner-col{flex-direction:column;justify-content:center;}}<\/style>\n<div class=\"wp-block-kadence-column kadence-column_fa52c4-70\"><div class=\"kt-inside-inner-col\">\n<figure class=\"wp-block-image size-full\"><img loading=\"lazy\" decoding=\"async\" width=\"640\" height=\"480\" src=\"https:\/\/evelindivers.com\/wp-content\/uploads\/2023\/03\/SNORKELING-BY-BOAT.jpg\" alt=\"\" class=\"wp-image-1053\" srcset=\"https:\/\/evelindivers.com\/wp-content\/uploads\/2023\/03\/SNORKELING-BY-BOAT.jpg 640w, https:\/\/evelindivers.com\/wp-content\/uploads\/2023\/03\/SNORKELING-BY-BOAT-300x225.jpg 300w\" sizes=\"auto, (max-width: 640px) 100vw, 640px\" \/><\/figure>\n<\/div><\/div>\n\n<\/div><\/div>","protected":false},"excerpt":{"rendered":"<p>La plong\u00e9e en apn\u00e9e est un excellent moyen de commencer vos aventures sous-marines. C&rsquo;est votre chance de commencer \u00e0 explorer un monde nouveau et fascinant. Convient \u00e0 tous les \u00e2ges, offrant \u00e0 la fois action et d\u00e9tente &#8211; tout ce que vous recherchez. D\u00c9COUVRIR LE SNORKELING D\u00e9couvrez le monde sous-marin de Cr\u00e8te sans utiliser de&#8230;<\/p>\n","protected":false},"author":1,"featured_media":0,"parent":0,"menu_order":0,"comment_status":"closed","ping_status":"closed","template":"","meta":{"_kadence_starter_templates_imported_post":false,"_kad_post_transparent":"","_kad_post_title":"","_kad_post_layout":"","_kad_post_sidebar_id":"","_kad_post_content_style":"","_kad_post_vertical_padding":"","_kad_post_feature":"","_kad_post_feature_position":"","_kad_post_header":false,"_kad_post_footer":false,"_kad_post_classname":"","footnotes":""},"class_list":["post-2305","page","type-page","status-publish","hentry"],"_links":{"self":[{"href":"https:\/\/evelindivers.com\/fr\/wp-json\/wp\/v2\/pages\/2305","targetHints":{"allow":["GET"]}}],"collection":[{"href":"https:\/\/evelindivers.com\/fr\/wp-json\/wp\/v2\/pages"}],"about":[{"href":"https:\/\/evelindivers.com\/fr\/wp-json\/wp\/v2\/types\/page"}],"author":[{"embeddable":true,"href":"https:\/\/evelindivers.com\/fr\/wp-json\/wp\/v2\/users\/1"}],"replies":[{"embeddable":true,"href":"https:\/\/evelindivers.com\/fr\/wp-json\/wp\/v2\/comments?post=2305"}],"version-history":[{"count":1,"href":"https:\/\/evelindivers.com\/fr\/wp-json\/wp\/v2\/pages\/2305\/revisions"}],"predecessor-version":[{"id":2307,"href":"https:\/\/evelindivers.com\/fr\/wp-json\/wp\/v2\/pages\/2305\/revisions\/2307"}],"wp:attachment":[{"href":"https:\/\/evelindivers.com\/fr\/wp-json\/wp\/v2\/media?parent=2305"}],"curies":[{"name":"wp","href":"https:\/\/api.w.org\/{rel}","templated":true}]}}