{"id":2308,"date":"2023-03-29T15:33:21","date_gmt":"2023-03-29T15:33:21","guid":{"rendered":"https:\/\/evelindivers.com\/new\/elearning\/"},"modified":"2023-07-10T10:42:41","modified_gmt":"2023-07-10T10:42:41","slug":"elearning","status":"publish","type":"page","link":"https:\/\/evelindivers.com\/fr\/elearning\/","title":{"rendered":"eLearning"},"content":{"rendered":"\n<h2 class=\"wp-block-heading\">Commencez votre certification PADI aujourd&rsquo;hui avec eLearning<\/h2>\n\n\n\n<p>Vous avez h\u00e2te de commencer ? Commencez votre formation de plong\u00e9e PADI en ligne, MAINTENANT&nbsp;!<\/p>\n\n\n\n<p>Si vous recherchez un moyen flexible d&rsquo;int\u00e9grer un cours de plong\u00e9e \u00e0 vos vacances en Cr\u00e8te, soyez malin et gagnez du temps, les programmes de plong\u00e9e en ligne PADI sont la solution. Vous pouvez commencer imm\u00e9diatement avec la partie d\u00e9veloppement des connaissances du cours et travailler \u00e0 votre propre rythme en utilisant le syst\u00e8me PADI eLearning. Cette option d&rsquo;\u00e9tude pratique et interactive vous permet d&rsquo;apprendre \u00e0 tout moment et partout o\u00f9 vous disposez d&rsquo;une connexion Internet.<br>En compl\u00e9tant le d\u00e9veloppement des connaissances en ligne, vous \u00eates pr\u00eat \u00e0 rencontrer votre instructeur et \u00e0 commencer \u00e0 vous amuser dans l&rsquo;eau.<br>PADI eLearning vous permet :<\/p>\n\n\n\n<ul class=\"wp-block-list\">\n<li>Apprenez en regardant, en \u00e9coutant, en lisant et en interagissant avec un programme d&rsquo;enseignement dynamique.<\/li>\n\n\n\n<li>Acc\u00e9dez au mat\u00e9riel pendant un an et b\u00e9n\u00e9ficiez d&rsquo;un acc\u00e8s illimit\u00e9 \u00e0 une version en ligne du manuel de cours.<\/li>\n\n\n\n<li>Contactez-nous chaque fois que vous avez une question sur ce que vous apprenez.<\/li>\n\n\n\n<li>Entrez rapidement dans l&rsquo;eau &#8211; en appliquant ce que vous avez appris &#8211; lorsque vous rencontrez votre instructeur PADI.<\/li>\n<\/ul>\n\n\n\n<p>Pr\u00eat \u00e0 commencer vos cours de plong\u00e9e sous-marine ?<\/p>\n\n\n\n<p><strong><a href=\"https:\/\/evelindivers.com\/fr\/book-now\/\" data-type=\"page\" data-id=\"1031\">Inscrivez-vous d\u00e8s aujourd&rsquo;hui pour votre Open Water Diver.<\/a><\/strong><\/p>\n\n\n\n<p>Une fois arriv\u00e9 ici en Cr\u00e8te, vous apprendrez :<\/p>\n\n\n\n<ul class=\"wp-block-list\">\n<li>les connaissances et comp\u00e9tences de base n\u00e9cessaires pour plonger en toute s\u00e9curit\u00e9.<\/li>\n\n\n\n<li>Utilisation de votre \u00e9quipement de plong\u00e9e<\/li>\n\n\n\n<li>Plong\u00e9es en eau confin\u00e9e et en eau libre &#8211; r\u00e9visez vos comp\u00e9tences en mer et explorez<\/li>\n<\/ul>\n\n\n\n<p><strong>Pr\u00e9requis :<\/strong> comp\u00e9tences de base en natation,<br><strong>\u00c2ge :<\/strong> 10 ans et plus (les enfants de 10 \u00e0 14 ans obtiennent la certification PADI Junior Open Water)<br><strong>Dur\u00e9e :<\/strong> 3-4 jours<br>Mat\u00e9riel d&rsquo;\u00e9tude requis<\/p>\n\n\n\n<figure class=\"wp-block-image size-full\"><img loading=\"lazy\" decoding=\"async\" width=\"768\" height=\"512\" src=\"https:\/\/evelindivers.com\/wp-content\/uploads\/2023\/04\/evelindivers-Learn-to-dive-padi-courses-396a1650.jpg\" alt=\"\" class=\"wp-image-1617\" srcset=\"https:\/\/evelindivers.com\/wp-content\/uploads\/2023\/04\/evelindivers-Learn-to-dive-padi-courses-396a1650.jpg 768w, https:\/\/evelindivers.com\/wp-content\/uploads\/2023\/04\/evelindivers-Learn-to-dive-padi-courses-396a1650-300x200.jpg 300w\" sizes=\"auto, (max-width: 768px) 100vw, 768px\" \/><\/figure>\n\n\n\n<p><\/p>\n","protected":false},"excerpt":{"rendered":"<p>Commencez votre certification PADI aujourd&rsquo;hui avec eLearning Vous avez h\u00e2te de commencer ? Commencez votre formation de plong\u00e9e PADI en ligne, MAINTENANT&nbsp;! Si vous recherchez un moyen flexible d&rsquo;int\u00e9grer un cours de plong\u00e9e \u00e0 vos vacances en Cr\u00e8te, soyez malin et gagnez du temps, les programmes de plong\u00e9e en ligne PADI sont la solution. Vous&#8230;<\/p>\n","protected":false},"author":1,"featured_media":1819,"parent":0,"menu_order":0,"comment_status":"closed","ping_status":"closed","template":"","meta":{"_kadence_starter_templates_imported_post":false,"_kad_post_transparent":"","_kad_post_title":"","_kad_post_layout":"","_kad_post_sidebar_id":"","_kad_post_content_style":"","_kad_post_vertical_padding":"","_kad_post_feature":"","_kad_post_feature_position":"","_kad_post_header":false,"_kad_post_footer":false,"_kad_post_classname":"","footnotes":""},"class_list":["post-2308","page","type-page","status-publish","has-post-thumbnail","hentry"],"_links":{"self":[{"href":"https:\/\/evelindivers.com\/fr\/wp-json\/wp\/v2\/pages\/2308","targetHints":{"allow":["GET"]}}],"collection":[{"href":"https:\/\/evelindivers.com\/fr\/wp-json\/wp\/v2\/pages"}],"about":[{"href":"https:\/\/evelindivers.com\/fr\/wp-json\/wp\/v2\/types\/page"}],"author":[{"embeddable":true,"href":"https:\/\/evelindivers.com\/fr\/wp-json\/wp\/v2\/users\/1"}],"replies":[{"embeddable":true,"href":"https:\/\/evelindivers.com\/fr\/wp-json\/wp\/v2\/comments?post=2308"}],"version-history":[{"count":1,"href":"https:\/\/evelindivers.com\/fr\/wp-json\/wp\/v2\/pages\/2308\/revisions"}],"predecessor-version":[{"id":2310,"href":"https:\/\/evelindivers.com\/fr\/wp-json\/wp\/v2\/pages\/2308\/revisions\/2310"}],"wp:featuredmedia":[{"embeddable":true,"href":"https:\/\/evelindivers.com\/fr\/wp-json\/wp\/v2\/media\/1819"}],"wp:attachment":[{"href":"https:\/\/evelindivers.com\/fr\/wp-json\/wp\/v2\/media?parent=2308"}],"curies":[{"name":"wp","href":"https:\/\/api.w.org\/{rel}","templated":true}]}}