{"id":2358,"date":"2023-03-29T12:04:50","date_gmt":"2023-03-29T12:04:50","guid":{"rendered":"https:\/\/evelindivers.com\/new\/the-dive-center\/"},"modified":"2023-07-10T12:15:10","modified_gmt":"2023-07-10T12:15:10","slug":"the-dive-center","status":"publish","type":"page","link":"https:\/\/evelindivers.com\/fr\/the-dive-center\/","title":{"rendered":"Le centre de plong\u00e9e"},"content":{"rendered":"\n<h2 class=\"wp-block-heading\">Plong\u00e9e sous-marine en Cr\u00e8te &#8211; bienvenue dans notre passion<\/h2>\n\n\n\n<p><strong>\u00c0 PROPOS DE NOUS<\/strong><\/p>\n\n\n\n<p>Cr\u00e9\u00e9 en 2012 \u00e0 Platanes-Rethymnon, Evelin Dive Center a ouvert ses portes et accueille depuis lors des milliers de visiteurs qui ont visit\u00e9 notre beau pays, la Gr\u00e8ce.<br>Ayant la b\u00e9n\u00e9diction des dieux grecs, offrant une v\u00e9ritable hospitalit\u00e9, une excellente cuisine, des conditions m\u00e9t\u00e9orologiques et aquatiques incroyables, nous sommes heureux d&rsquo;accueillir chaque ann\u00e9e des amis plongeurs anciens et nouveaux. La Gr\u00e8ce est compos\u00e9e de milliers d&rsquo;\u00eeles et la Cr\u00e8te est la plus grande de toutes avec un littoral spectaculaire et \u00e9tendu, l&rsquo;aventure sous-marine attend d&rsquo;\u00eatre explor\u00e9e, profitez du bleu de ces eaux dans une teinte \u00e9lectrique claire qui semble sans fin lorsque vous regardez droit vers le bas.<\/p>\n\n\n\n<p>Notre saison estivale commence de mi-avril \u00e0 fin octobre.<br>La temp\u00e9rature de l&rsquo;eau commence autour de 17 degr\u00e9s en avril et monte jusqu&rsquo;\u00e0 28 degr\u00e9s en juillet et ao\u00fbt.<br>Notre \u00e9quipe multilingue est l\u00e0 pour vous accueillir en anglais, allemand, fran\u00e7ais et grec.<\/p>\n\n\n\n<p><strong>NOS INFRASTRUCTURES<\/strong><\/p>\n\n\n\n<p>Le centre de plong\u00e9e de Platanes, R\u00e9thymnon, est l&rsquo;endroit o\u00f9 nous nous r\u00e9unissons le matin pour pr\u00e9parer les formulaires papier, l&rsquo;\u00e9quipement et nous dirigeons vers le c\u00f4t\u00e9 sud de R\u00e9thymnon, \u00e0 environ 45 minutes de route, si nous plongeons \u00e0 Skinaria ou dans le vieux port de Damnoni. rive.<\/p>\n\n\n\n<p>Dans le beau petit village de p\u00eacheurs Georgioupolis juste en face de la plage de Kalivaki, vous trouverez notre deuxi\u00e8me \u00e9cole de plong\u00e9e. C&rsquo;est l\u00e0 que nous nous retrouvons tous le matin pour prendre une tasse de caf\u00e9\/th\u00e9, remplir des formulaires papier et pr\u00e9parer notre \u00e9quipement de plong\u00e9e, si nous plongeons depuis la c\u00f4te nord de l&rsquo;\u00eele avec notre hors-bord.<br>Georgioupolis est \u00e0 la fronti\u00e8re entre la pr\u00e9fecture de R\u00e9thymnon \u00e0 l&rsquo;est et la pr\u00e9fecture de La Can\u00e9e \u00e0 l&rsquo;ouest, bien qu&rsquo;elle appartienne \u00e0 cette derni\u00e8re. La r\u00e9gion autour de Georgioupolis est Apokoronas, avec ses villages pittoresques et ses paysages verdoyants. Les villes de La Can\u00e9e et de R\u00e9thymnon ne sont pas loin. Georgioupolis est situ\u00e9 \u00e0 environ 35 km \u00e0 l&rsquo;est de La Can\u00e9e et \u00e0 env. 22 km \u00e0 l&rsquo;ouest de R\u00e9thymnon : un emplacement tr\u00e8s calme mais central en Cr\u00e8te, id\u00e9al pour les vacanciers qui souhaitent \u00e9galement explorer l&rsquo;\u00eele.<\/p>\n\n\n\n<p><strong>NOTRE MEILLEUR SITE DE PLONG\u00c9E pour les plongeurs certifi\u00e9s<\/strong><\/p>\n\n\n\n<p>Notre site de plong\u00e9e unique et diamantif\u00e8re est l&rsquo;incroyable \u00ab\u00a0Elephant Cave\u00a0\u00bb. Depuis l&rsquo;exploitation du centre de plong\u00e9e, 8 ann\u00e9es fabuleuses maintenant, ce site de plong\u00e9e a \u00e9t\u00e9 class\u00e9 par des plongeurs exp\u00e9riment\u00e9s du monde entier comme l&rsquo;un de leurs 10 meilleurs sites de plong\u00e9e au monde.<br>Pour nos passionn\u00e9s de plong\u00e9e sous-marine, nous proposons un forfait de plong\u00e9e de plusieurs jours qui permet \u00e0 nos clients de plonger plusieurs fois avec une meilleure offre, pour vous assurer d&rsquo;avoir la chance de plonger autant que vous le souhaitez avec nous.<br>Nous divisons toujours nos plongeurs en fonction de leur exp\u00e9rience\/niveau et max 4 plongeurs par Instrucor\/DIvemaster.<br>Air par plong\u00e9e : 200 Bar (Bouteilles Faber avec valves DIN Aqualung simples et doubles dans des capacit\u00e9s de 6L, 8L, 10L, 12L et 15L)<br>Les plong\u00e9es par jour pour les plongeurs certifi\u00e9s sont de 2.<br>Les plongeurs certifi\u00e9s, apr\u00e8s avoir rempli leurs formulaires papier et leur \u00e9quipement, partiront pour le port et partiront avec notre hors-bord vers l&rsquo;un de nos sites de plong\u00e9e.<br>Apr\u00e8s leur 1\u00e8re plong\u00e9e, nous vous offrirons une petite collation (sandwich ou fruit de saison) et apr\u00e8s une heure de pause vous pourrez plonger une deuxi\u00e8me fois sur un site de plong\u00e9e diff\u00e9rent.<br>Une fois la plong\u00e9e termin\u00e9e, nous retournons \u00e0 l&rsquo;\u00e9cole de plong\u00e9e pr\u00e8s de la plage de Kalivaki, pour discuter, remplir nos carnets de plong\u00e9e et nous d\u00e9tendre sous le soleil cr\u00e9tois. Une fois que tout le monde est pr\u00eat, nous vous ram\u00e8nerons \u00e0 votre logement.<\/p>\n\n\n\n<p><strong>POUR NOS D\u00c9BUTANTS &amp; FORMATION SCUBA<\/strong><\/p>\n\n\n\n<p>Pour notre cours de plong\u00e9e Discover et nos cours de plong\u00e9e pour d\u00e9butants Padi, nous restons dans la baie de la plage de Kalivaki, o\u00f9 nous pouvons b\u00e9n\u00e9ficier de conditions tr\u00e8s favorables aux d\u00e9butants.<br>C&rsquo;est l\u00e0 que commence la partie amusante pour nos amis plongeurs. Si votre h\u00f4tel \/ h\u00e9bergement est situ\u00e9 \u00e0 R\u00e9thymnon, n&rsquo;h\u00e9sitez pas \u00e0 nous contacter pour notre service de transfert gratuit que nous proposons. Si vous souhaitez \u00eatre plus flexible, vous pouvez nous rencontrer pr\u00e8s de la plage de Kalivaki, apr\u00e8s avoir pris contact avec nous, pour \u00e9viter toute d\u00e9ception.<\/p>\n\n\n\n<p><strong>CONSEILS UTILES<\/strong><\/p>\n\n\n\n<p>En d\u00e9but et en fin de saison, sachez qu&rsquo;un 5 mm avec gilet et sweat \u00e0 capuche est recommand\u00e9.<br>Si vous ne pr\u00e9voyez pas de voyager avec votre \u00e9quipement de plong\u00e9e, ne vous inqui\u00e9tez pas. Nous pouvons fournir tout l&rsquo;\u00e9quipement de plong\u00e9e n\u00e9cessaire, des shorts aux sweats \u00e0 capuche en passant par les combinaisons de 5 mm, etc.<\/p>\n\n\n\n<p>Si vous avez d&rsquo;autres questions ou souhaitez proc\u00e9der \u00e0 une r\u00e9servation, n&rsquo;h\u00e9sitez pas \u00e0 nous <a href=\"https:\/\/evelindivers.com\/fr\/contact\/\">contacter<\/a><\/p>\n","protected":false},"excerpt":{"rendered":"<p>Plong\u00e9e sous-marine en Cr\u00e8te &#8211; bienvenue dans notre passion \u00c0 PROPOS DE NOUS Cr\u00e9\u00e9 en 2012 \u00e0 Platanes-Rethymnon, Evelin Dive Center a ouvert ses portes et accueille depuis lors des milliers de visiteurs qui ont visit\u00e9 notre beau pays, la Gr\u00e8ce.Ayant la b\u00e9n\u00e9diction des dieux grecs, offrant une v\u00e9ritable hospitalit\u00e9, une excellente cuisine, des conditions&#8230;<\/p>\n","protected":false},"author":1,"featured_media":0,"parent":0,"menu_order":0,"comment_status":"closed","ping_status":"closed","template":"","meta":{"_kadence_starter_templates_imported_post":false,"_kad_post_transparent":"","_kad_post_title":"","_kad_post_layout":"","_kad_post_sidebar_id":"","_kad_post_content_style":"","_kad_post_vertical_padding":"","_kad_post_feature":"","_kad_post_feature_position":"","_kad_post_header":false,"_kad_post_footer":false,"_kad_post_classname":"","footnotes":""},"class_list":["post-2358","page","type-page","status-publish","hentry"],"_links":{"self":[{"href":"https:\/\/evelindivers.com\/fr\/wp-json\/wp\/v2\/pages\/2358","targetHints":{"allow":["GET"]}}],"collection":[{"href":"https:\/\/evelindivers.com\/fr\/wp-json\/wp\/v2\/pages"}],"about":[{"href":"https:\/\/evelindivers.com\/fr\/wp-json\/wp\/v2\/types\/page"}],"author":[{"embeddable":true,"href":"https:\/\/evelindivers.com\/fr\/wp-json\/wp\/v2\/users\/1"}],"replies":[{"embeddable":true,"href":"https:\/\/evelindivers.com\/fr\/wp-json\/wp\/v2\/comments?post=2358"}],"version-history":[{"count":1,"href":"https:\/\/evelindivers.com\/fr\/wp-json\/wp\/v2\/pages\/2358\/revisions"}],"predecessor-version":[{"id":2359,"href":"https:\/\/evelindivers.com\/fr\/wp-json\/wp\/v2\/pages\/2358\/revisions\/2359"}],"wp:attachment":[{"href":"https:\/\/evelindivers.com\/fr\/wp-json\/wp\/v2\/media?parent=2358"}],"curies":[{"name":"wp","href":"https:\/\/api.w.org\/{rel}","templated":true}]}}