{"id":2360,"date":"2023-03-29T12:09:00","date_gmt":"2023-03-29T12:09:00","guid":{"rendered":"https:\/\/evelindivers.com\/new\/find-your-dream-job\/"},"modified":"2023-07-10T12:16:14","modified_gmt":"2023-07-10T12:16:14","slug":"find-your-dream-job","status":"publish","type":"page","link":"https:\/\/evelindivers.com\/fr\/find-your-dream-job\/","title":{"rendered":"Trouvez l&#8217;emploi de vos r\u00eaves"},"content":{"rendered":"\n<p>Si vous lisez ceci maintenant, il y a de fortes chances que, comme nous tous ici \u00e0 Evelin Dive Center, vous AIMEZ la plong\u00e9e sous-marine et que vous vouliez en faire votre vie. R\u00e9alisez vos r\u00eaves et contactez-nous pour avoir l&rsquo;opportunit\u00e9 de devenir un professionnel de la plong\u00e9e !<\/p>\n\n\n\n<p>Combinez votre travail avec beaucoup de plaisir!<\/p>\n\n\n\n<p>Voici un bref aper\u00e7u du programme que nous offrons.<\/p>\n\n\n\n<p>Notre programme de stages Divemaster est destin\u00e9 aux plongeurs qui souhaitent poursuivre une carri\u00e8re dans l&rsquo;industrie de la plong\u00e9e.<\/p>\n\n\n\n<p>Nous recherchons des personnes pr\u00eates \u00e0 aider et ayant un int\u00e9r\u00eat et une passion pour la plong\u00e9e sous-marine.<\/p>\n\n\n\n<p>Le programme vous qualifiera \u00e0 la fin de la formation en tant que Divemaster PADI, la premi\u00e8re \u00e9tape dans l&rsquo;industrie de la plong\u00e9e professionnelle.<\/p>\n\n\n\n<p>Notre programme comprend&nbsp;: en \u00e9change de votre aide pour la saison estivale (5 mois), nos \u00e9tudiants stagiaires re\u00e7oivent leur formation en plong\u00e9e, jusqu&rsquo;au PADI Divemaster avec tout le mat\u00e9riel d&rsquo;\u00e9tude et le pack d&rsquo;\u00e9quipage du divemaster inclus.<\/p>\n\n\n\n<p>Les t\u00e2ches de Divemaster comprennent toutes les proc\u00e9dures et le travail appropri\u00e9 dans un centre de plong\u00e9e, l&rsquo;assistance \u00e0 la plong\u00e9e avec des cours et des plong\u00e9es guid\u00e9es, la pr\u00e9paration de l&rsquo;\u00e9quipement pour les plongeurs, le remplissage des r\u00e9servoirs, etc.<br>Au fur et \u00e0 mesure que votre formation progresse, les stagiaires assument des t\u00e2ches telles que diriger des groupes de plongeurs qualifi\u00e9s et aider les instructeurs avec des cours.<\/p>\n\n\n\n<p>Nos stagiaires obtiennent, en plus de nombreuses plong\u00e9es d&rsquo;ici la fin de la saison, un aper\u00e7u pr\u00e9cieux de l&rsquo;industrie de la plong\u00e9e et une exp\u00e9rience des relations avec les clients, y compris les plongeurs certifi\u00e9s, les \u00e9tudiants en cours et les d\u00e9butants.<\/p>\n\n\n\n<p>Nous nous assurons que lorsque nos stagiaires quittent notre programme, ils sont des professionnels pleinement qualifi\u00e9s et exp\u00e9riment\u00e9s, pr\u00eats \u00e0 travailler n&rsquo;importe o\u00f9 dans le monde en tant que Divemaster professionnel.<\/p>\n\n\n\n<p>La motivation personnelle est essentielle et la cl\u00e9 pour devenir un bon professionnel de la plong\u00e9e. Nous vous montrerons le chemin, mais vous devrez faire preuve de discipline et vous concentrer sur l&rsquo;apprentissage.<\/p>\n\n\n\n<p>Si votre objectif est une carri\u00e8re dans l&rsquo;industrie de la plong\u00e9e sous-marine r\u00e9cr\u00e9ative, ce stage vous apprendra tout ce que vous devez savoir et plus encore.<\/p>\n\n\n\n<p>Nous nous occupons \u00e9galement de l&rsquo;h\u00e9bergement, ayant votre propre chambre priv\u00e9e.<br>Les dates de stage sont de mai \u00e0 septembre ou de juin \u00e0 octobre.<\/p>\n\n\n\n<p>Vous avez \u00e9galement la possibilit\u00e9 de participer \u00e0 notre cours de d\u00e9veloppement d&rsquo;instructeur PADI d\u00e9but novembre et de compl\u00e9ter votre instructeur pendant votre s\u00e9jour en Cr\u00e8te.<\/p>\n\n\n\n<p>Si vous pensez que c&rsquo;est votre truc, nous pouvons organiser une entrevue et discuter de tous les d\u00e9tails<\/p>\n\n\n\n<p>Nous sommes impatients de vous contacter !<\/p>\n\n\n\n<p><a href=\"https:\/\/evelindivers.com\/fr\/contact\/\">Contactez-nous<\/a><\/p>\n","protected":false},"excerpt":{"rendered":"<p>Si vous lisez ceci maintenant, il y a de fortes chances que, comme nous tous ici \u00e0 Evelin Dive Center, vous AIMEZ la plong\u00e9e sous-marine et que vous vouliez en faire votre vie. R\u00e9alisez vos r\u00eaves et contactez-nous pour avoir l&rsquo;opportunit\u00e9 de devenir un professionnel de la plong\u00e9e ! Combinez votre travail avec beaucoup de&#8230;<\/p>\n","protected":false},"author":1,"featured_media":0,"parent":0,"menu_order":0,"comment_status":"closed","ping_status":"closed","template":"","meta":{"_kadence_starter_templates_imported_post":false,"_kad_post_transparent":"","_kad_post_title":"","_kad_post_layout":"","_kad_post_sidebar_id":"","_kad_post_content_style":"","_kad_post_vertical_padding":"","_kad_post_feature":"","_kad_post_feature_position":"","_kad_post_header":false,"_kad_post_footer":false,"_kad_post_classname":"","footnotes":""},"class_list":["post-2360","page","type-page","status-publish","hentry"],"_links":{"self":[{"href":"https:\/\/evelindivers.com\/fr\/wp-json\/wp\/v2\/pages\/2360","targetHints":{"allow":["GET"]}}],"collection":[{"href":"https:\/\/evelindivers.com\/fr\/wp-json\/wp\/v2\/pages"}],"about":[{"href":"https:\/\/evelindivers.com\/fr\/wp-json\/wp\/v2\/types\/page"}],"author":[{"embeddable":true,"href":"https:\/\/evelindivers.com\/fr\/wp-json\/wp\/v2\/users\/1"}],"replies":[{"embeddable":true,"href":"https:\/\/evelindivers.com\/fr\/wp-json\/wp\/v2\/comments?post=2360"}],"version-history":[{"count":1,"href":"https:\/\/evelindivers.com\/fr\/wp-json\/wp\/v2\/pages\/2360\/revisions"}],"predecessor-version":[{"id":2361,"href":"https:\/\/evelindivers.com\/fr\/wp-json\/wp\/v2\/pages\/2360\/revisions\/2361"}],"wp:attachment":[{"href":"https:\/\/evelindivers.com\/fr\/wp-json\/wp\/v2\/media?parent=2360"}],"curies":[{"name":"wp","href":"https:\/\/api.w.org\/{rel}","templated":true}]}}