{"id":2444,"date":"2022-01-10T15:20:57","date_gmt":"2022-01-10T15:20:57","guid":{"rendered":"https:\/\/evelindivers.com\/new\/courses\/"},"modified":"2023-07-11T09:30:37","modified_gmt":"2023-07-11T09:30:37","slug":"courses","status":"publish","type":"page","link":"https:\/\/evelindivers.com\/fr\/courses\/","title":{"rendered":"COURS PADI"},"content":{"rendered":"\n<p>De Basic Fun Diving \u00e0 PADI Certified Dive Master.<br>Si vous avez toujours voulu prendre des cours de plong\u00e9e sous-marine, vivre une aventure sans pr\u00e9c\u00e9dent et voir le monde sous les vagues, c&rsquo;est ici que tout commence. Obtenez votre 1\u00e8re certification de plong\u00e9e sous-marine avec le cours PADI Open Water Diver &#8211; le cours de plong\u00e9e le plus populaire et le plus reconnu au monde, ou continuez votre formation avec le cours PADI Advanced Open Water Diver !<\/p>\n\n\n\n<figure class=\"wp-block-gallery has-nested-images columns-default is-cropped wp-block-gallery-1 is-layout-flex wp-block-gallery-is-layout-flex\">\n<figure class=\"wp-block-image size-large\"><a href=\"https:\/\/evelindivers.com\/fr\/padi-courses-fr\/open-water-diver\/\"><img loading=\"lazy\" decoding=\"async\" width=\"885\" height=\"571\" data-id=\"1091\" src=\"https:\/\/evelindivers.com\/wp-content\/uploads\/2023\/03\/Open-water-diver-1.jpg\" alt=\"\" class=\"wp-image-1091\" srcset=\"https:\/\/evelindivers.com\/wp-content\/uploads\/2023\/03\/Open-water-diver-1.jpg 885w, https:\/\/evelindivers.com\/wp-content\/uploads\/2023\/03\/Open-water-diver-1-300x194.jpg 300w, https:\/\/evelindivers.com\/wp-content\/uploads\/2023\/03\/Open-water-diver-1-768x496.jpg 768w\" sizes=\"auto, (max-width: 885px) 100vw, 885px\" \/><\/a><figcaption class=\"wp-element-caption\"><a href=\"https:\/\/evelindivers.com\/fr\/padi-courses-fr\/open-water-diver\/\">Plongeur en eau libre<\/a><\/figcaption><\/figure>\n\n\n\n<figure class=\"wp-block-image size-large\"><a href=\"https:\/\/evelindivers.com\/fr\/padi-courses-fr\/scuba-diver-course\/\"><img loading=\"lazy\" decoding=\"async\" width=\"1024\" height=\"623\" data-id=\"1093\" src=\"https:\/\/evelindivers.com\/wp-content\/uploads\/2023\/03\/SCUBA-1-1024x623.jpg\" alt=\"\" class=\"wp-image-1093\" srcset=\"https:\/\/evelindivers.com\/wp-content\/uploads\/2023\/03\/SCUBA-1-1024x623.jpg 1024w, https:\/\/evelindivers.com\/wp-content\/uploads\/2023\/03\/SCUBA-1-300x183.jpg 300w, https:\/\/evelindivers.com\/wp-content\/uploads\/2023\/03\/SCUBA-1-768x467.jpg 768w, https:\/\/evelindivers.com\/wp-content\/uploads\/2023\/03\/SCUBA-1-1536x935.jpg 1536w, https:\/\/evelindivers.com\/wp-content\/uploads\/2023\/03\/SCUBA-1.jpg 1775w\" sizes=\"auto, (max-width: 1024px) 100vw, 1024px\" \/><\/a><figcaption class=\"wp-element-caption\"><a href=\"https:\/\/evelindivers.com\/fr\/padi-courses-fr\/scuba-diver-course\/\">Cours de plong\u00e9e sous-marine<\/a><\/figcaption><\/figure>\n\n\n\n<figure class=\"wp-block-image size-large\"><a href=\"https:\/\/evelindivers.com\/fr\/padi-courses-fr\/advanced-open-water-course\/\"><img loading=\"lazy\" decoding=\"async\" width=\"929\" height=\"714\" data-id=\"1094\" src=\"https:\/\/evelindivers.com\/wp-content\/uploads\/2023\/03\/AOWD-1.jpg\" alt=\"\" class=\"wp-image-1094\" srcset=\"https:\/\/evelindivers.com\/wp-content\/uploads\/2023\/03\/AOWD-1.jpg 929w, https:\/\/evelindivers.com\/wp-content\/uploads\/2023\/03\/AOWD-1-300x231.jpg 300w, https:\/\/evelindivers.com\/wp-content\/uploads\/2023\/03\/AOWD-1-768x590.jpg 768w\" sizes=\"auto, (max-width: 929px) 100vw, 929px\" \/><\/a><figcaption class=\"wp-element-caption\"><a href=\"https:\/\/evelindivers.com\/fr\/padi-courses-fr\/advanced-open-water-course\/\">Cours avanc\u00e9 en eau libre<\/a><\/figcaption><\/figure>\n<\/figure>\n\n\n\n<div style=\"height:10px\" aria-hidden=\"true\" class=\"wp-block-spacer\"><\/div>\n\n\n\n<figure class=\"wp-block-gallery has-nested-images columns-default is-cropped wp-block-gallery-2 is-layout-flex wp-block-gallery-is-layout-flex\">\n<figure class=\"wp-block-image size-large\"><a href=\"https:\/\/evelindivers.com\/fr\/padi-courses-fr\/rescue-diver-course\/\"><img loading=\"lazy\" decoding=\"async\" width=\"768\" height=\"522\" data-id=\"1096\" src=\"https:\/\/evelindivers.com\/wp-content\/uploads\/2023\/03\/RESCUE-WEB-c617f7d8.png\" alt=\"\" class=\"wp-image-1096\" srcset=\"https:\/\/evelindivers.com\/wp-content\/uploads\/2023\/03\/RESCUE-WEB-c617f7d8.png 768w, https:\/\/evelindivers.com\/wp-content\/uploads\/2023\/03\/RESCUE-WEB-c617f7d8-300x204.png 300w\" sizes=\"auto, (max-width: 768px) 100vw, 768px\" \/><\/a><figcaption class=\"wp-element-caption\"><a href=\"https:\/\/evelindivers.com\/fr\/padi-courses-fr\/rescue-diver-course\/\">Cours de plongeur sauveteur<\/a><\/figcaption><\/figure>\n\n\n\n<figure class=\"wp-block-image size-large\"><a href=\"https:\/\/evelindivers.com\/fr\/padi-courses-fr\/emergency-first-response-course\/\"><img loading=\"lazy\" decoding=\"async\" width=\"768\" height=\"522\" data-id=\"1095\" src=\"https:\/\/evelindivers.com\/wp-content\/uploads\/2023\/03\/emergency-first-response-114ae780.jpg\" alt=\"\" class=\"wp-image-1095\" srcset=\"https:\/\/evelindivers.com\/wp-content\/uploads\/2023\/03\/emergency-first-response-114ae780.jpg 768w, https:\/\/evelindivers.com\/wp-content\/uploads\/2023\/03\/emergency-first-response-114ae780-300x204.jpg 300w\" sizes=\"auto, (max-width: 768px) 100vw, 768px\" \/><\/a><figcaption class=\"wp-element-caption\"><a href=\"https:\/\/evelindivers.com\/fr\/padi-courses-fr\/emergency-first-response-course\/\">Cours de premi\u00e8re intervention d&rsquo;urgence<\/a><\/figcaption><\/figure>\n\n\n\n<figure class=\"wp-block-image size-large\"><a href=\"https:\/\/evelindivers.com\/fr\/padi-courses-fr\/divemaster\/\"><img loading=\"lazy\" decoding=\"async\" width=\"768\" height=\"522\" data-id=\"1097\" src=\"https:\/\/evelindivers.com\/wp-content\/uploads\/2023\/03\/DM-2983816a.jpg\" alt=\"\" class=\"wp-image-1097\" srcset=\"https:\/\/evelindivers.com\/wp-content\/uploads\/2023\/03\/DM-2983816a.jpg 768w, https:\/\/evelindivers.com\/wp-content\/uploads\/2023\/03\/DM-2983816a-300x204.jpg 300w\" sizes=\"auto, (max-width: 768px) 100vw, 768px\" \/><\/a><figcaption class=\"wp-element-caption\"><a href=\"https:\/\/evelindivers.com\/fr\/padi-courses-fr\/divemaster\/\">Moniteur de plong\u00e9e<\/a><\/figcaption><\/figure>\n<\/figure>\n\n\n\n<div style=\"height:10px\" aria-hidden=\"true\" class=\"wp-block-spacer\"><\/div>\n\n\n\n<figure class=\"wp-block-gallery has-nested-images columns-default is-cropped wp-block-gallery-3 is-layout-flex wp-block-gallery-is-layout-flex\">\n<figure class=\"wp-block-image size-large\"><a href=\"https:\/\/evelindivers.com\/fr\/padi-courses-fr\/reactivate-your-knowledge\/\"><img loading=\"lazy\" decoding=\"async\" width=\"768\" height=\"522\" data-id=\"1098\" src=\"https:\/\/evelindivers.com\/wp-content\/uploads\/2023\/03\/REACTIVATE-64f11b99.jpg\" alt=\"\" class=\"wp-image-1098\" srcset=\"https:\/\/evelindivers.com\/wp-content\/uploads\/2023\/03\/REACTIVATE-64f11b99.jpg 768w, https:\/\/evelindivers.com\/wp-content\/uploads\/2023\/03\/REACTIVATE-64f11b99-300x204.jpg 300w\" sizes=\"auto, (max-width: 768px) 100vw, 768px\" \/><\/a><figcaption class=\"wp-element-caption\"><a href=\"https:\/\/evelindivers.com\/fr\/padi-courses-fr\/reactivate-your-knowledge\/\">R\u00e9activez vos connaissances<\/a><\/figcaption><\/figure>\n\n\n\n<figure class=\"wp-block-image size-large\"><a href=\"https:\/\/evelindivers.com\/fr\/padi-courses-fr\/referral-diver\/\"><img loading=\"lazy\" decoding=\"async\" width=\"768\" height=\"522\" data-id=\"1100\" src=\"https:\/\/evelindivers.com\/wp-content\/uploads\/2023\/03\/referral-diver-WEB-91756b70.png\" alt=\"\" class=\"wp-image-1100\" srcset=\"https:\/\/evelindivers.com\/wp-content\/uploads\/2023\/03\/referral-diver-WEB-91756b70.png 768w, https:\/\/evelindivers.com\/wp-content\/uploads\/2023\/03\/referral-diver-WEB-91756b70-300x204.png 300w\" sizes=\"auto, (max-width: 768px) 100vw, 768px\" \/><\/a><figcaption class=\"wp-element-caption\"><a href=\"https:\/\/evelindivers.com\/fr\/padi-courses-fr\/referral-diver\/\">Plongeur r\u00e9f\u00e9rent<\/a><\/figcaption><\/figure>\n\n\n\n<figure class=\"wp-block-image size-large\"><a href=\"https:\/\/evelindivers.com\/fr\/padi-courses-fr\/padi-specialty-courses\/\"><img loading=\"lazy\" decoding=\"async\" width=\"768\" height=\"522\" data-id=\"1099\" src=\"https:\/\/evelindivers.com\/wp-content\/uploads\/2023\/03\/SPECIALTYS-6726d519.jpg\" alt=\"\" class=\"wp-image-1099\" srcset=\"https:\/\/evelindivers.com\/wp-content\/uploads\/2023\/03\/SPECIALTYS-6726d519.jpg 768w, https:\/\/evelindivers.com\/wp-content\/uploads\/2023\/03\/SPECIALTYS-6726d519-300x204.jpg 300w\" sizes=\"auto, (max-width: 768px) 100vw, 768px\" \/><\/a><figcaption class=\"wp-element-caption\"><a href=\"https:\/\/evelindivers.com\/fr\/padi-courses-fr\/padi-specialty-courses\/\">Cours de sp\u00e9cialit\u00e9 PADI<\/a><\/figcaption><\/figure>\n<\/figure>\n","protected":false},"excerpt":{"rendered":"<p>De Basic Fun Diving \u00e0 PADI Certified Dive Master.Si vous avez toujours voulu prendre des cours de plong\u00e9e sous-marine, vivre une aventure sans pr\u00e9c\u00e9dent et voir le monde sous les vagues, c&rsquo;est ici que tout commence. Obtenez votre 1\u00e8re certification de plong\u00e9e sous-marine avec le cours PADI Open Water Diver &#8211; le cours de plong\u00e9e&#8230;<\/p>\n","protected":false},"author":1,"featured_media":2115,"parent":0,"menu_order":0,"comment_status":"closed","ping_status":"closed","template":"","meta":{"_kadence_starter_templates_imported_post":true,"_kad_post_transparent":"","_kad_post_title":"","_kad_post_layout":"default","_kad_post_sidebar_id":"","_kad_post_content_style":"","_kad_post_vertical_padding":"","_kad_post_feature":"","_kad_post_feature_position":"","_kad_post_header":false,"_kad_post_footer":false,"_kad_post_classname":"","footnotes":""},"class_list":["post-2444","page","type-page","status-publish","has-post-thumbnail","hentry"],"_links":{"self":[{"href":"https:\/\/evelindivers.com\/fr\/wp-json\/wp\/v2\/pages\/2444","targetHints":{"allow":["GET"]}}],"collection":[{"href":"https:\/\/evelindivers.com\/fr\/wp-json\/wp\/v2\/pages"}],"about":[{"href":"https:\/\/evelindivers.com\/fr\/wp-json\/wp\/v2\/types\/page"}],"author":[{"embeddable":true,"href":"https:\/\/evelindivers.com\/fr\/wp-json\/wp\/v2\/users\/1"}],"replies":[{"embeddable":true,"href":"https:\/\/evelindivers.com\/fr\/wp-json\/wp\/v2\/comments?post=2444"}],"version-history":[{"count":3,"href":"https:\/\/evelindivers.com\/fr\/wp-json\/wp\/v2\/pages\/2444\/revisions"}],"predecessor-version":[{"id":2447,"href":"https:\/\/evelindivers.com\/fr\/wp-json\/wp\/v2\/pages\/2444\/revisions\/2447"}],"wp:featuredmedia":[{"embeddable":true,"href":"https:\/\/evelindivers.com\/fr\/wp-json\/wp\/v2\/media\/2115"}],"wp:attachment":[{"href":"https:\/\/evelindivers.com\/fr\/wp-json\/wp\/v2\/media?parent=2444"}],"curies":[{"name":"wp","href":"https:\/\/api.w.org\/{rel}","templated":true}]}}